{"id":17,"date":"2025-05-09T07:28:26","date_gmt":"2025-05-09T07:28:26","guid":{"rendered":"https:\/\/pedroperezestudio.rkinformatika.online\/?page_id=17"},"modified":"2025-06-10T13:39:23","modified_gmt":"2025-06-10T13:39:23","slug":"proyectos","status":"publish","type":"page","link":"https:\/\/pedroperezestudio.es\/eu\/proyectos\/","title":{"rendered":"Proiektuak"},"content":{"rendered":"<div data-elementor-type=\"wp-page\" data-elementor-id=\"17\" class=\"elementor elementor-17\" data-elementor-post-type=\"page\">\n\t\t\t\t<div class=\"elementor-element elementor-element-1bc4357 e-flex e-con-boxed e-con e-parent\" data-id=\"1bc4357\" data-element_type=\"container\" data-e-type=\"container\">\n\t\t\t\t\t<div class=\"e-con-inner\">\n\t\t<div class=\"elementor-element elementor-element-325e63b e-con-full e-flex e-con e-child\" data-id=\"325e63b\" data-element_type=\"container\" data-e-type=\"container\">\n\t\t<div class=\"elementor-element elementor-element-8766b14 e-con-full e-flex e-con e-child\" data-id=\"8766b14\" data-element_type=\"container\" data-e-type=\"container\">\n\t\t<div class=\"elementor-element elementor-element-d50dead e-con-full e-flex e-con e-child\" data-id=\"d50dead\" data-element_type=\"container\" data-e-type=\"container\">\n\t\t\t\t<div class=\"elementor-element elementor-element-6be86a7 elementor-widget elementor-widget-heading\" data-id=\"6be86a7\" data-element_type=\"widget\" data-e-type=\"widget\" data-widget_type=\"heading.default\">\n\t\t\t\t<div class=\"elementor-widget-container\">\n\t\t\t\t\t<h2 class=\"elementor-heading-title elementor-size-default\">Bilbao<\/h2>\t\t\t\t<\/div>\n\t\t\t\t<\/div>\n\t\t\t\t<\/div>\n\t\t<a class=\"eael-wrapper-link-ac1b0a2 --eael-wrapper-link-tag\" href=\"https:\/\/pedroperezestudio.es\/eu\/bilbao-a15\/\"><\/a><div data-eael-wrapper-link=\"eael-wrapper-link-ac1b0a2\" class=\"elementor-element elementor-element-ac1b0a2 e-con-full e-flex e-con e-child\" data-id=\"ac1b0a2\" data-element_type=\"container\" data-e-type=\"container\" data-settings=\"{&quot;background_background&quot;:&quot;classic&quot;}\">\n\t\t\t\t<div class=\"elementor-element elementor-element-a9deced elementor-widget elementor-widget-spacer\" data-id=\"a9deced\" data-element_type=\"widget\" data-e-type=\"widget\" data-widget_type=\"spacer.default\">\n\t\t\t\t<div class=\"elementor-widget-container\">\n\t\t\t\t\t\t\t<div class=\"elementor-spacer\">\n\t\t\t<div class=\"elementor-spacer-inner\"><\/div>\n\t\t<\/div>\n\t\t\t\t\t\t<\/div>\n\t\t\t\t<\/div>\n\t\t\t\t<\/div>\n\t\t<div class=\"elementor-element elementor-element-89d0cb1 e-con-full e-flex e-con e-child\" data-id=\"89d0cb1\" data-element_type=\"container\" data-e-type=\"container\">\n\t\t\t\t<div class=\"elementor-element elementor-element-787cb4b elementor-widget elementor-widget-heading\" data-id=\"787cb4b\" data-element_type=\"widget\" data-e-type=\"widget\" data-widget_type=\"heading.default\">\n\t\t\t\t<div class=\"elementor-widget-container\">\n\t\t\t\t\t<h2 class=\"elementor-heading-title elementor-size-default\">A 15<\/h2>\t\t\t\t<\/div>\n\t\t\t\t<\/div>\n\t\t\t\t<\/div>\n\t\t\t\t<\/div>\n\t\t<div class=\"elementor-element elementor-element-7c5463b e-con-full e-flex e-con e-child\" data-id=\"7c5463b\" data-element_type=\"container\" data-e-type=\"container\">\n\t\t<div class=\"elementor-element elementor-element-1e7da27 e-con-full e-flex e-con e-child\" data-id=\"1e7da27\" data-element_type=\"container\" data-e-type=\"container\">\n\t\t\t\t<\/div>\n\t\t<a class=\"eael-wrapper-link-3b465a8 --eael-wrapper-link-tag\" href=\"https:\/\/pedroperezestudio.es\/eu\/bilbao-g2\/\"><\/a><div data-eael-wrapper-link=\"eael-wrapper-link-3b465a8\" class=\"elementor-element elementor-element-3b465a8 e-con-full e-flex e-con e-child\" data-id=\"3b465a8\" data-element_type=\"container\" data-e-type=\"container\" data-settings=\"{&quot;background_background&quot;:&quot;classic&quot;}\">\n\t\t\t\t<div class=\"elementor-element elementor-element-dab2230 elementor-widget elementor-widget-spacer\" data-id=\"dab2230\" data-element_type=\"widget\" data-e-type=\"widget\" data-widget_type=\"spacer.default\">\n\t\t\t\t<div class=\"elementor-widget-container\">\n\t\t\t\t\t\t\t<div class=\"elementor-spacer\">\n\t\t\t<div class=\"elementor-spacer-inner\"><\/div>\n\t\t<\/div>\n\t\t\t\t\t\t<\/div>\n\t\t\t\t<\/div>\n\t\t\t\t<div class=\"elementor-element elementor-element-3ac6c69 elementor-widget elementor-widget-heading\" data-id=\"3ac6c69\" data-element_type=\"widget\" data-e-type=\"widget\" data-widget_type=\"heading.default\">\n\t\t\t\t<div class=\"elementor-widget-container\">\n\t\t\t\t\t<h2 class=\"elementor-heading-title elementor-size-default\">dise\u00f1o realizado para Zorrozua<\/h2>\t\t\t\t<\/div>\n\t\t\t\t<\/div>\n\t\t\t\t<\/div>\n\t\t<div class=\"elementor-element elementor-element-2b63cf9 e-con-full e-flex e-con e-child\" data-id=\"2b63cf9\" data-element_type=\"container\" data-e-type=\"container\">\n\t\t\t\t<div class=\"elementor-element elementor-element-d336366 elementor-widget elementor-widget-heading\" data-id=\"d336366\" data-element_type=\"widget\" data-e-type=\"widget\" data-widget_type=\"heading.default\">\n\t\t\t\t<div class=\"elementor-widget-container\">\n\t\t\t\t\t<h2 class=\"elementor-heading-title elementor-size-default\">Bilbao<\/h2>\t\t\t\t<\/div>\n\t\t\t\t<\/div>\n\t\t\t\t<div class=\"elementor-element elementor-element-d04b2c4 elementor-widget elementor-widget-heading\" data-id=\"d04b2c4\" data-element_type=\"widget\" data-e-type=\"widget\" data-widget_type=\"heading.default\">\n\t\t\t\t<div class=\"elementor-widget-container\">\n\t\t\t\t\t<h2 class=\"elementor-heading-title elementor-size-default\">G2<\/h2>\t\t\t\t<\/div>\n\t\t\t\t<\/div>\n\t\t\t\t<\/div>\n\t\t\t\t<\/div>\n\t\t<div class=\"elementor-element elementor-element-95d8dac e-con-full e-flex e-con e-child\" data-id=\"95d8dac\" data-element_type=\"container\" data-e-type=\"container\">\n\t\t<div class=\"elementor-element elementor-element-a2dda0d e-con-full e-flex e-con e-child\" data-id=\"a2dda0d\" data-element_type=\"container\" data-e-type=\"container\">\n\t\t\t\t<div class=\"elementor-element elementor-element-52217ed elementor-widget elementor-widget-heading\" data-id=\"52217ed\" data-element_type=\"widget\" data-e-type=\"widget\" data-widget_type=\"heading.default\">\n\t\t\t\t<div class=\"elementor-widget-container\">\n\t\t\t\t\t<h2 class=\"elementor-heading-title elementor-size-default\">Madrid<\/h2>\t\t\t\t<\/div>\n\t\t\t\t<\/div>\n\t\t\t\t<\/div>\n\t\t<a class=\"eael-wrapper-link-608ba2a --eael-wrapper-link-tag\" href=\"https:\/\/pedroperezestudio.es\/eu\/madria-la-48\/\"><\/a><div data-eael-wrapper-link=\"eael-wrapper-link-608ba2a\" class=\"elementor-element elementor-element-608ba2a e-con-full e-flex e-con e-child\" data-id=\"608ba2a\" data-element_type=\"container\" data-e-type=\"container\" data-settings=\"{&quot;background_background&quot;:&quot;classic&quot;}\">\n\t\t\t\t<div class=\"elementor-element elementor-element-83f6d08 elementor-widget elementor-widget-spacer\" data-id=\"83f6d08\" data-element_type=\"widget\" data-e-type=\"widget\" data-widget_type=\"spacer.default\">\n\t\t\t\t<div class=\"elementor-widget-container\">\n\t\t\t\t\t\t\t<div class=\"elementor-spacer\">\n\t\t\t<div class=\"elementor-spacer-inner\"><\/div>\n\t\t<\/div>\n\t\t\t\t\t\t<\/div>\n\t\t\t\t<\/div>\n\t\t\t\t<\/div>\n\t\t<div class=\"elementor-element elementor-element-1b1ac5f e-con-full e-flex e-con e-child\" data-id=\"1b1ac5f\" data-element_type=\"container\" data-e-type=\"container\">\n\t\t\t\t<div class=\"elementor-element elementor-element-a9baa6b elementor-widget elementor-widget-heading\" data-id=\"a9baa6b\" data-element_type=\"widget\" data-e-type=\"widget\" data-widget_type=\"heading.default\">\n\t\t\t\t<div class=\"elementor-widget-container\">\n\t\t\t\t\t<h2 class=\"elementor-heading-title elementor-size-default\">La 48<\/h2>\t\t\t\t<\/div>\n\t\t\t\t<\/div>\n\t\t\t\t<\/div>\n\t\t\t\t<\/div>\n\t\t<div class=\"elementor-element elementor-element-93cd726 e-con-full e-flex e-con e-child\" data-id=\"93cd726\" data-element_type=\"container\" data-e-type=\"container\">\n\t\t<div class=\"elementor-element elementor-element-05abd46 e-con-full e-flex e-con e-child\" data-id=\"05abd46\" data-element_type=\"container\" data-e-type=\"container\">\n\t\t\t\t<div class=\"elementor-element elementor-element-718813c elementor-widget elementor-widget-heading\" data-id=\"718813c\" data-element_type=\"widget\" data-e-type=\"widget\" data-widget_type=\"heading.default\">\n\t\t\t\t<div class=\"elementor-widget-container\">\n\t\t\t\t\t<h2 class=\"elementor-heading-title elementor-size-default\">Bilbao<\/h2>\t\t\t\t<\/div>\n\t\t\t\t<\/div>\n\t\t\t\t<\/div>\n\t\t<a class=\"eael-wrapper-link-64ece62 --eael-wrapper-link-tag\" href=\"https:\/\/pedroperezestudio.es\/eu\/bilbao-j9\/\"><\/a><div data-eael-wrapper-link=\"eael-wrapper-link-64ece62\" class=\"elementor-element elementor-element-64ece62 e-con-full e-flex e-con e-child\" data-id=\"64ece62\" data-element_type=\"container\" data-e-type=\"container\" data-settings=\"{&quot;background_background&quot;:&quot;classic&quot;}\">\n\t\t\t\t<div class=\"elementor-element elementor-element-cee917b elementor-widget elementor-widget-spacer\" data-id=\"cee917b\" data-element_type=\"widget\" data-e-type=\"widget\" data-widget_type=\"spacer.default\">\n\t\t\t\t<div class=\"elementor-widget-container\">\n\t\t\t\t\t\t\t<div class=\"elementor-spacer\">\n\t\t\t<div class=\"elementor-spacer-inner\"><\/div>\n\t\t<\/div>\n\t\t\t\t\t\t<\/div>\n\t\t\t\t<\/div>\n\t\t\t\t<div class=\"elementor-element elementor-element-b8692bb elementor-widget elementor-widget-heading\" data-id=\"b8692bb\" data-element_type=\"widget\" data-e-type=\"widget\" data-widget_type=\"heading.default\">\n\t\t\t\t<div class=\"elementor-widget-container\">\n\t\t\t\t\t<h2 class=\"elementor-heading-title elementor-size-default\">dise\u00f1o realizado para Zorrozua<\/h2>\t\t\t\t<\/div>\n\t\t\t\t<\/div>\n\t\t\t\t<\/div>\n\t\t<div class=\"elementor-element elementor-element-c0a29cd e-con-full e-flex e-con e-child\" data-id=\"c0a29cd\" data-element_type=\"container\" data-e-type=\"container\">\n\t\t\t\t<div class=\"elementor-element elementor-element-4ffad28 elementor-widget elementor-widget-heading\" data-id=\"4ffad28\" data-element_type=\"widget\" data-e-type=\"widget\" data-widget_type=\"heading.default\">\n\t\t\t\t<div class=\"elementor-widget-container\">\n\t\t\t\t\t<h2 class=\"elementor-heading-title elementor-size-default\">j9<\/h2>\t\t\t\t<\/div>\n\t\t\t\t<\/div>\n\t\t\t\t<\/div>\n\t\t\t\t<\/div>\n\t\t<div class=\"elementor-element elementor-element-e3a7b12 e-con-full e-flex e-con e-child\" data-id=\"e3a7b12\" data-element_type=\"container\" data-e-type=\"container\">\n\t\t<div class=\"elementor-element elementor-element-e0a8722 e-con-full e-flex e-con e-child\" data-id=\"e0a8722\" data-element_type=\"container\" data-e-type=\"container\">\n\t\t\t\t<div class=\"elementor-element elementor-element-1599142 elementor-widget elementor-widget-heading\" data-id=\"1599142\" data-element_type=\"widget\" data-e-type=\"widget\" data-widget_type=\"heading.default\">\n\t\t\t\t<div class=\"elementor-widget-container\">\n\t\t\t\t\t<h2 class=\"elementor-heading-title elementor-size-default\">Algorta<\/h2>\t\t\t\t<\/div>\n\t\t\t\t<\/div>\n\t\t\t\t<\/div>\n\t\t<a class=\"eael-wrapper-link-47afe36 --eael-wrapper-link-tag\" href=\"https:\/\/pedroperezestudio.es\/eu\/algorta-i3\/\"><\/a><div data-eael-wrapper-link=\"eael-wrapper-link-47afe36\" class=\"elementor-element elementor-element-47afe36 e-con-full e-flex e-con e-child\" data-id=\"47afe36\" data-element_type=\"container\" data-e-type=\"container\" data-settings=\"{&quot;background_background&quot;:&quot;classic&quot;}\">\n\t\t\t\t<div class=\"elementor-element elementor-element-a1839be elementor-widget elementor-widget-spacer\" data-id=\"a1839be\" data-element_type=\"widget\" data-e-type=\"widget\" data-widget_type=\"spacer.default\">\n\t\t\t\t<div class=\"elementor-widget-container\">\n\t\t\t\t\t\t\t<div class=\"elementor-spacer\">\n\t\t\t<div class=\"elementor-spacer-inner\"><\/div>\n\t\t<\/div>\n\t\t\t\t\t\t<\/div>\n\t\t\t\t<\/div>\n\t\t\t\t<\/div>\n\t\t<div class=\"elementor-element elementor-element-2a6fed9 e-con-full e-flex e-con e-child\" data-id=\"2a6fed9\" data-element_type=\"container\" data-e-type=\"container\">\n\t\t\t\t<div class=\"elementor-element elementor-element-3e998d6 elementor-widget elementor-widget-heading\" data-id=\"3e998d6\" data-element_type=\"widget\" data-e-type=\"widget\" data-widget_type=\"heading.default\">\n\t\t\t\t<div class=\"elementor-widget-container\">\n\t\t\t\t\t<h2 class=\"elementor-heading-title elementor-size-default\">i3<\/h2>\t\t\t\t<\/div>\n\t\t\t\t<\/div>\n\t\t\t\t<\/div>\n\t\t\t\t<\/div>\n\t\t<div class=\"elementor-element elementor-element-1f9b258 e-con-full e-flex e-con e-child\" data-id=\"1f9b258\" data-element_type=\"container\" data-e-type=\"container\">\n\t\t<div class=\"elementor-element elementor-element-47b0c11 e-con-full e-flex e-con e-child\" data-id=\"47b0c11\" data-element_type=\"container\" data-e-type=\"container\">\n\t\t\t\t<div class=\"elementor-element elementor-element-83ab13b elementor-widget elementor-widget-heading\" data-id=\"83ab13b\" data-element_type=\"widget\" data-e-type=\"widget\" data-widget_type=\"heading.default\">\n\t\t\t\t<div class=\"elementor-widget-container\">\n\t\t\t\t\t<h2 class=\"elementor-heading-title elementor-size-default\">sopela<\/h2>\t\t\t\t<\/div>\n\t\t\t\t<\/div>\n\t\t\t\t<\/div>\n\t\t<a class=\"eael-wrapper-link-fc03aa7 --eael-wrapper-link-tag\" href=\"https:\/\/pedroperezestudio.es\/eu\/sopela-itx25\/\"><\/a><div data-eael-wrapper-link=\"eael-wrapper-link-fc03aa7\" class=\"elementor-element elementor-element-fc03aa7 e-con-full e-flex e-con e-child\" data-id=\"fc03aa7\" data-element_type=\"container\" data-e-type=\"container\" data-settings=\"{&quot;background_background&quot;:&quot;classic&quot;}\">\n\t\t\t\t<div class=\"elementor-element elementor-element-acf079a elementor-widget elementor-widget-spacer\" data-id=\"acf079a\" data-element_type=\"widget\" data-e-type=\"widget\" data-widget_type=\"spacer.default\">\n\t\t\t\t<div class=\"elementor-widget-container\">\n\t\t\t\t\t\t\t<div class=\"elementor-spacer\">\n\t\t\t<div class=\"elementor-spacer-inner\"><\/div>\n\t\t<\/div>\n\t\t\t\t\t\t<\/div>\n\t\t\t\t<\/div>\n\t\t\t\t<\/div>\n\t\t<div class=\"elementor-element elementor-element-3f4470d e-con-full e-flex e-con e-child\" data-id=\"3f4470d\" data-element_type=\"container\" data-e-type=\"container\">\n\t\t\t\t<div class=\"elementor-element elementor-element-2557516 elementor-widget elementor-widget-heading\" data-id=\"2557516\" data-element_type=\"widget\" data-e-type=\"widget\" data-widget_type=\"heading.default\">\n\t\t\t\t<div class=\"elementor-widget-container\">\n\t\t\t\t\t<h2 class=\"elementor-heading-title elementor-size-default\">itx 25<\/h2>\t\t\t\t<\/div>\n\t\t\t\t<\/div>\n\t\t\t\t<\/div>\n\t\t\t\t<\/div>\n\t\t<div class=\"elementor-element elementor-element-355e614 e-con-full e-flex e-con e-child\" data-id=\"355e614\" data-element_type=\"container\" data-e-type=\"container\">\n\t\t<div class=\"elementor-element elementor-element-400a4ea e-con-full e-flex e-con e-child\" data-id=\"400a4ea\" data-element_type=\"container\" data-e-type=\"container\">\n\t\t\t\t<div class=\"elementor-element elementor-element-083c54f elementor-widget elementor-widget-heading\" data-id=\"083c54f\" data-element_type=\"widget\" data-e-type=\"widget\" data-widget_type=\"heading.default\">\n\t\t\t\t<div class=\"elementor-widget-container\">\n\t\t\t\t\t<h2 class=\"elementor-heading-title elementor-size-default\">za mu dio<\/h2>\t\t\t\t<\/div>\n\t\t\t\t<\/div>\n\t\t\t\t<\/div>\n\t\t<a class=\"eael-wrapper-link-f260217 --eael-wrapper-link-tag\" href=\"https:\/\/pedroperezestudio.es\/eu\/zamudio\/\"><\/a><div data-eael-wrapper-link=\"eael-wrapper-link-f260217\" class=\"elementor-element elementor-element-f260217 e-con-full e-flex e-con e-child\" data-id=\"f260217\" data-element_type=\"container\" data-e-type=\"container\" data-settings=\"{&quot;background_background&quot;:&quot;classic&quot;}\">\n\t\t\t\t<div class=\"elementor-element elementor-element-7685b51 elementor-widget elementor-widget-spacer\" data-id=\"7685b51\" data-element_type=\"widget\" data-e-type=\"widget\" data-widget_type=\"spacer.default\">\n\t\t\t\t<div class=\"elementor-widget-container\">\n\t\t\t\t\t\t\t<div class=\"elementor-spacer\">\n\t\t\t<div class=\"elementor-spacer-inner\"><\/div>\n\t\t<\/div>\n\t\t\t\t\t\t<\/div>\n\t\t\t\t<\/div>\n\t\t\t\t<div class=\"elementor-element elementor-element-ce21da7 elementor-widget elementor-widget-heading\" data-id=\"ce21da7\" data-element_type=\"widget\" data-e-type=\"widget\" data-widget_type=\"heading.default\">\n\t\t\t\t<div class=\"elementor-widget-container\">\n\t\t\t\t\t<h2 class=\"elementor-heading-title elementor-size-default\">dise\u00f1o realizado para Zorrozua<\/h2>\t\t\t\t<\/div>\n\t\t\t\t<\/div>\n\t\t\t\t<\/div>\n\t\t<div class=\"elementor-element elementor-element-c594428 e-con-full e-flex e-con e-child\" data-id=\"c594428\" data-element_type=\"container\" data-e-type=\"container\">\n\t\t\t\t<div class=\"elementor-element elementor-element-54f607c elementor-widget elementor-widget-heading\" data-id=\"54f607c\" data-element_type=\"widget\" data-e-type=\"widget\" data-widget_type=\"heading.default\">\n\t\t\t\t<div class=\"elementor-widget-container\">\n\t\t\t\t\t<h2 class=\"elementor-heading-title elementor-size-default\">az mu<\/h2>\t\t\t\t<\/div>\n\t\t\t\t<\/div>\n\t\t\t\t<\/div>\n\t\t\t\t<\/div>\n\t\t\t\t<\/div>\n\t\t<div class=\"elementor-element elementor-element-2ac9760 e-con-full e-flex e-con e-child\" data-id=\"2ac9760\" data-element_type=\"container\" data-e-type=\"container\">\n\t\t\t\t<div class=\"elementor-element elementor-element-2782e7b elementor-align-start elementor-tablet-align-start elementor-icon-list--layout-traditional elementor-list-item-link-full_width elementor-widget elementor-widget-icon-list\" data-id=\"2782e7b\" data-element_type=\"widget\" data-e-type=\"widget\" data-widget_type=\"icon-list.default\">\n\t\t\t\t<div class=\"elementor-widget-container\">\n\t\t\t\t\t\t\t<ul class=\"elementor-icon-list-items\">\n\t\t\t\t\t\t\t<li class=\"elementor-icon-list-item\">\n\t\t\t\t\t\t\t\t\t\t\t<a href=\"https:\/\/pedroperezestudio.es\/eu\/\">\n\n\t\t\t\t\t\t\t\t\t\t\t<span class=\"elementor-icon-list-text\">Nire historia<\/span>\n\t\t\t\t\t\t\t\t\t\t\t<\/a>\n\t\t\t\t\t\t\t\t\t<\/li>\n\t\t\t\t\t\t\t\t<li class=\"elementor-icon-list-item\">\n\t\t\t\t\t\t\t\t\t\t\t<a href=\"https:\/\/pedroperezestudio.es\/eu\/mi-vision\/\">\n\n\t\t\t\t\t\t\t\t\t\t\t<span class=\"elementor-icon-list-text\">Nire ikuspegia<\/span>\n\t\t\t\t\t\t\t\t\t\t\t<\/a>\n\t\t\t\t\t\t\t\t\t<\/li>\n\t\t\t\t\t\t\t\t<li class=\"elementor-icon-list-item\">\n\t\t\t\t\t\t\t\t\t\t\t<a href=\"https:\/\/pedroperezestudio.es\/eu\/proyectos\/\">\n\n\t\t\t\t\t\t\t\t\t\t\t<span class=\"elementor-icon-list-text\">Proiektuak<\/span>\n\t\t\t\t\t\t\t\t\t\t\t<\/a>\n\t\t\t\t\t\t\t\t\t<\/li>\n\t\t\t\t\t\t\t\t<li class=\"elementor-icon-list-item\">\n\t\t\t\t\t\t\t\t\t\t\t<a href=\"https:\/\/pedroperezestudio.es\/eu\/otros-escenarios\/\">\n\n\t\t\t\t\t\t\t\t\t\t\t<span class=\"elementor-icon-list-text\">Beste agertoki batzuk<\/span>\n\t\t\t\t\t\t\t\t\t\t\t<\/a>\n\t\t\t\t\t\t\t\t\t<\/li>\n\t\t\t\t\t\t\t\t<li class=\"elementor-icon-list-item\">\n\t\t\t\t\t\t\t\t\t\t\t<a href=\"https:\/\/pedroperezestudio.es\/eu\/contacto\/\">\n\n\t\t\t\t\t\t\t\t\t\t\t<span class=\"elementor-icon-list-text\">Kontaktua<\/span>\n\t\t\t\t\t\t\t\t\t\t\t<\/a>\n\t\t\t\t\t\t\t\t\t<\/li>\n\t\t\t\t\t\t<\/ul>\n\t\t\t\t\t\t<\/div>\n\t\t\t\t<\/div>\n\t\t\t\t<\/div>\n\t\t\t\t\t<\/div>\n\t\t\t\t<\/div>\n\t\t\t\t<\/div>","protected":false},"excerpt":{"rendered":"<p>Bilbao A 15 dise\u00f1o realizado para Zorrozua Bilbao G2 Madrid La 48 Bilbao dise\u00f1o realizado para Zorrozua j9 Algorta i3 sopela itx 25 za mu dio dise\u00f1o realizado para Zorrozua az mu Mi Historia Mi Visi\u00f3n Proyectos Otros Escenarios Contacto<\/p>","protected":false},"author":1,"featured_media":0,"parent":0,"menu_order":0,"comment_status":"closed","ping_status":"closed","template":"elementor_canvas","meta":{"footnotes":""},"class_list":["post-17","page","type-page","status-publish","hentry"],"yoast_head":"<!-- This site is optimized with the Yoast SEO plugin v27.3 - https:\/\/yoast.com\/product\/yoast-seo-wordpress\/ -->\n<title>Proyectos - Pedro P\u00e9rez Estudio<\/title>\n<meta name=\"robots\" content=\"index, follow, max-snippet:-1, max-image-preview:large, max-video-preview:-1\" \/>\n<link rel=\"canonical\" href=\"https:\/\/pedroperezestudio.es\/eu\/proyectos\/\" \/>\n<meta property=\"og:locale\" content=\"en_US\" \/>\n<meta property=\"og:type\" content=\"article\" \/>\n<meta property=\"og:title\" content=\"Proyectos - Pedro P\u00e9rez Estudio\" \/>\n<meta property=\"og:description\" content=\"Bilbao A 15 dise\u00f1o realizado para Zorrozua Bilbao G2 Madrid La 48 Bilbao dise\u00f1o realizado para Zorrozua j9 Algorta i3 sopela itx 25 za mu dio dise\u00f1o realizado para Zorrozua az mu Mi Historia Mi Visi\u00f3n Proyectos Otros Escenarios Contacto\" \/>\n<meta property=\"og:url\" content=\"https:\/\/pedroperezestudio.es\/eu\/proyectos\/\" \/>\n<meta property=\"og:site_name\" content=\"Pedro P\u00e9rez Estudio\" \/>\n<meta property=\"article:modified_time\" content=\"2025-06-10T13:39:23+00:00\" \/>\n<meta name=\"twitter:card\" content=\"summary_large_image\" \/>\n<meta name=\"twitter:label1\" content=\"Est. reading time\" \/>\n\t<meta name=\"twitter:data1\" content=\"1 minutua\" \/>\n<script type=\"application\/ld+json\" class=\"yoast-schema-graph\">{\"@context\":\"https:\\\/\\\/schema.org\",\"@graph\":[{\"@type\":\"WebPage\",\"@id\":\"https:\\\/\\\/pedroperezestudio.es\\\/proyectos\\\/\",\"url\":\"https:\\\/\\\/pedroperezestudio.es\\\/proyectos\\\/\",\"name\":\"Proyectos - Pedro P\u00e9rez Estudio\",\"isPartOf\":{\"@id\":\"https:\\\/\\\/pedroperezestudio.es\\\/#website\"},\"datePublished\":\"2025-05-09T07:28:26+00:00\",\"dateModified\":\"2025-06-10T13:39:23+00:00\",\"breadcrumb\":{\"@id\":\"https:\\\/\\\/pedroperezestudio.es\\\/proyectos\\\/#breadcrumb\"},\"inLanguage\":\"eu\",\"potentialAction\":[{\"@type\":\"ReadAction\",\"target\":[\"https:\\\/\\\/pedroperezestudio.es\\\/proyectos\\\/\"]}]},{\"@type\":\"BreadcrumbList\",\"@id\":\"https:\\\/\\\/pedroperezestudio.es\\\/proyectos\\\/#breadcrumb\",\"itemListElement\":[{\"@type\":\"ListItem\",\"position\":1,\"name\":\"Portada\",\"item\":\"https:\\\/\\\/pedroperezestudio.es\\\/\"},{\"@type\":\"ListItem\",\"position\":2,\"name\":\"Proyectos\"}]},{\"@type\":\"WebSite\",\"@id\":\"https:\\\/\\\/pedroperezestudio.es\\\/#website\",\"url\":\"https:\\\/\\\/pedroperezestudio.es\\\/\",\"name\":\"Pedro P\u00e9rez Estudio\",\"description\":\"\",\"potentialAction\":[{\"@type\":\"SearchAction\",\"target\":{\"@type\":\"EntryPoint\",\"urlTemplate\":\"https:\\\/\\\/pedroperezestudio.es\\\/?s={search_term_string}\"},\"query-input\":{\"@type\":\"PropertyValueSpecification\",\"valueRequired\":true,\"valueName\":\"search_term_string\"}}],\"inLanguage\":\"eu\"}]}<\/script>\n<!-- \/ Yoast SEO plugin. -->","yoast_head_json":{"title":"Proyectos - Pedro P\u00e9rez Estudio","robots":{"index":"index","follow":"follow","max-snippet":"max-snippet:-1","max-image-preview":"max-image-preview:large","max-video-preview":"max-video-preview:-1"},"canonical":"https:\/\/pedroperezestudio.es\/eu\/proyectos\/","og_locale":"en_US","og_type":"article","og_title":"Proyectos - Pedro P\u00e9rez Estudio","og_description":"Bilbao A 15 dise\u00f1o realizado para Zorrozua Bilbao G2 Madrid La 48 Bilbao dise\u00f1o realizado para Zorrozua j9 Algorta i3 sopela itx 25 za mu dio dise\u00f1o realizado para Zorrozua az mu Mi Historia Mi Visi\u00f3n Proyectos Otros Escenarios Contacto","og_url":"https:\/\/pedroperezestudio.es\/eu\/proyectos\/","og_site_name":"Pedro P\u00e9rez Estudio","article_modified_time":"2025-06-10T13:39:23+00:00","twitter_card":"summary_large_image","twitter_misc":{"Est. reading time":"1 minutua"},"schema":{"@context":"https:\/\/schema.org","@graph":[{"@type":"WebPage","@id":"https:\/\/pedroperezestudio.es\/proyectos\/","url":"https:\/\/pedroperezestudio.es\/proyectos\/","name":"Proyectos - Pedro P\u00e9rez Estudio","isPartOf":{"@id":"https:\/\/pedroperezestudio.es\/#website"},"datePublished":"2025-05-09T07:28:26+00:00","dateModified":"2025-06-10T13:39:23+00:00","breadcrumb":{"@id":"https:\/\/pedroperezestudio.es\/proyectos\/#breadcrumb"},"inLanguage":"eu","potentialAction":[{"@type":"ReadAction","target":["https:\/\/pedroperezestudio.es\/proyectos\/"]}]},{"@type":"BreadcrumbList","@id":"https:\/\/pedroperezestudio.es\/proyectos\/#breadcrumb","itemListElement":[{"@type":"ListItem","position":1,"name":"Portada","item":"https:\/\/pedroperezestudio.es\/"},{"@type":"ListItem","position":2,"name":"Proyectos"}]},{"@type":"WebSite","@id":"https:\/\/pedroperezestudio.es\/#website","url":"https:\/\/pedroperezestudio.es\/","name":"Pedro P\u00e9rez Estudio","description":"","potentialAction":[{"@type":"SearchAction","target":{"@type":"EntryPoint","urlTemplate":"https:\/\/pedroperezestudio.es\/?s={search_term_string}"},"query-input":{"@type":"PropertyValueSpecification","valueRequired":true,"valueName":"search_term_string"}}],"inLanguage":"eu"}]}},"_links":{"self":[{"href":"https:\/\/pedroperezestudio.es\/eu\/wp-json\/wp\/v2\/pages\/17","targetHints":{"allow":["GET"]}}],"collection":[{"href":"https:\/\/pedroperezestudio.es\/eu\/wp-json\/wp\/v2\/pages"}],"about":[{"href":"https:\/\/pedroperezestudio.es\/eu\/wp-json\/wp\/v2\/types\/page"}],"author":[{"embeddable":true,"href":"https:\/\/pedroperezestudio.es\/eu\/wp-json\/wp\/v2\/users\/1"}],"replies":[{"embeddable":true,"href":"https:\/\/pedroperezestudio.es\/eu\/wp-json\/wp\/v2\/comments?post=17"}],"version-history":[{"count":583,"href":"https:\/\/pedroperezestudio.es\/eu\/wp-json\/wp\/v2\/pages\/17\/revisions"}],"predecessor-version":[{"id":5995,"href":"https:\/\/pedroperezestudio.es\/eu\/wp-json\/wp\/v2\/pages\/17\/revisions\/5995"}],"wp:attachment":[{"href":"https:\/\/pedroperezestudio.es\/eu\/wp-json\/wp\/v2\/media?parent=17"}],"curies":[{"name":"wp","href":"https:\/\/api.w.org\/{rel}","templated":true}]}}