{"id":20,"date":"2025-05-09T07:26:53","date_gmt":"2025-05-09T07:26:53","guid":{"rendered":"https:\/\/pedroperezestudio.rkinformatika.online\/?page_id=20"},"modified":"2025-05-29T10:32:59","modified_gmt":"2025-05-29T10:32:59","slug":"accesibilidad","status":"publish","type":"page","link":"https:\/\/pedroperezestudio.es\/eu\/accesibilidad\/","title":{"rendered":"Erabilerraztasuna"},"content":{"rendered":"<div data-elementor-type=\"wp-page\" data-elementor-id=\"20\" class=\"elementor elementor-20\" data-elementor-post-type=\"page\">\n\t\t\t\t<div class=\"elementor-element elementor-element-3d8ab1d e-flex e-con-boxed e-con e-parent\" data-id=\"3d8ab1d\" data-element_type=\"container\" data-e-type=\"container\" data-settings=\"{&quot;background_background&quot;:&quot;classic&quot;}\">\n\t\t\t\t\t<div class=\"e-con-inner\">\n\t\t\t\t<div class=\"elementor-element elementor-element-29a92fa elementor-align-center elementor-tablet-align-start elementor-icon-list--layout-inline elementor-mobile-align-center elementor-list-item-link-full_width elementor-widget elementor-widget-icon-list\" data-id=\"29a92fa\" data-element_type=\"widget\" data-e-type=\"widget\" data-widget_type=\"icon-list.default\">\n\t\t\t\t<div class=\"elementor-widget-container\">\n\t\t\t\t\t\t\t<ul class=\"elementor-icon-list-items elementor-inline-items\">\n\t\t\t\t\t\t\t<li class=\"elementor-icon-list-item elementor-inline-item\">\n\t\t\t\t\t\t\t\t\t\t\t<a href=\"https:\/\/pedroperezestudio.es\/eu\/\">\n\n\t\t\t\t\t\t\t\t\t\t\t<span class=\"elementor-icon-list-text\">Nire historia<\/span>\n\t\t\t\t\t\t\t\t\t\t\t<\/a>\n\t\t\t\t\t\t\t\t\t<\/li>\n\t\t\t\t\t\t\t\t<li class=\"elementor-icon-list-item elementor-inline-item\">\n\t\t\t\t\t\t\t\t\t\t\t<a href=\"https:\/\/pedroperezestudio.es\/eu\/mi-vision\/\">\n\n\t\t\t\t\t\t\t\t\t\t\t<span class=\"elementor-icon-list-text\">Nire ikuspegia<\/span>\n\t\t\t\t\t\t\t\t\t\t\t<\/a>\n\t\t\t\t\t\t\t\t\t<\/li>\n\t\t\t\t\t\t\t\t<li class=\"elementor-icon-list-item elementor-inline-item\">\n\t\t\t\t\t\t\t\t\t\t\t<a href=\"https:\/\/pedroperezestudio.es\/eu\/proyectos\/\">\n\n\t\t\t\t\t\t\t\t\t\t\t<span class=\"elementor-icon-list-text\">Proiektuak<\/span>\n\t\t\t\t\t\t\t\t\t\t\t<\/a>\n\t\t\t\t\t\t\t\t\t<\/li>\n\t\t\t\t\t\t\t\t<li class=\"elementor-icon-list-item elementor-inline-item\">\n\t\t\t\t\t\t\t\t\t\t\t<a href=\"https:\/\/pedroperezestudio.es\/eu\/otros-escenarios\/\">\n\n\t\t\t\t\t\t\t\t\t\t\t<span class=\"elementor-icon-list-text\">Beste agertoki batzuk<\/span>\n\t\t\t\t\t\t\t\t\t\t\t<\/a>\n\t\t\t\t\t\t\t\t\t<\/li>\n\t\t\t\t\t\t\t\t<li class=\"elementor-icon-list-item elementor-inline-item\">\n\t\t\t\t\t\t\t\t\t\t\t<a href=\"https:\/\/pedroperezestudio.es\/eu\/contacto\/\">\n\n\t\t\t\t\t\t\t\t\t\t\t<span class=\"elementor-icon-list-text\">Kontaktua<\/span>\n\t\t\t\t\t\t\t\t\t\t\t<\/a>\n\t\t\t\t\t\t\t\t\t<\/li>\n\t\t\t\t\t\t<\/ul>\n\t\t\t\t\t\t<\/div>\n\t\t\t\t<\/div>\n\t\t\t\t<div class=\"elementor-element elementor-element-e52a940 elementor-widget elementor-widget-text-editor\" data-id=\"e52a940\" data-element_type=\"widget\" data-e-type=\"widget\" data-widget_type=\"text-editor.default\">\n\t\t\t\t<div class=\"elementor-widget-container\">\n\t\t\t\t\t\t\t\t\t<h1 class=\"western\"><span style=\"color: #666666;\"><span style=\"font-family: Roboto, serif;\">ACCESIBILIDAD<\/span><\/span><\/h1><p><span style=\"color: #666666;\"><span style=\"font-family: Helvetica 65 Medium, sans-serif;\"><span style=\"font-size: medium;\"><strong>Pedro P\u00e9rez Estudio<\/strong> se ha comprometido a hacer accesible su sitio web, de conformidad con el <\/span><\/span><\/span><a href=\"https:\/\/www.boe.es\/diario_boe\/txt.php?id=BOE-A-2018-12699\" target=\"_blank\" rel=\"noopener\"><span style=\"color: #ff0000;\"><span style=\"font-family: Helvetica 65 Medium, sans-serif;\"><span style=\"font-size: medium;\">Real Decreto 1112\/2018, de 7 de septiembre, sobre accesibilidad de los sitios web y aplicaciones para dispositivos m\u00f3viles del sector p\u00fablico.<\/span><\/span><\/span><\/a><\/p><p><span style=\"color: #666666;\"><span style=\"font-family: Helvetica 65 Medium, sans-serif;\"><span style=\"font-size: medium;\">La presente declaraci\u00f3n de accesibilidad se aplica al sitio web <a href=\"https:\/\/pedroperezestudio.https:\/\/pedroperezestudio.com\"><strong>https:\/\/pedroperezestudio.es.<\/strong><\/a><\/span><\/span><\/span><\/p><h2><span style=\"color: #666666;\"><span style=\"font-family: Helvetica 65 Medium, sans-serif;\">Situaci\u00f3n de cumplimiento<\/span><\/span><\/h2><p><span style=\"color: #666666;\"><span style=\"font-family: Helvetica 65 Medium, sans-serif;\"><span style=\"font-size: medium;\">Este sitio web es parcialmente conforme con el\u00a0<\/span><\/span><\/span><a href=\"https:\/\/www.boe.es\/diario_boe\/txt.php?id=BOE-A-2018-12699\" target=\"_blank\" rel=\"noopener\"><span style=\"color: #ff0000;\"><span style=\"font-family: Helvetica 65 Medium, sans-serif;\"><span style=\"font-size: medium;\">RD 1112\/2018<\/span><\/span><\/span><\/a><span style=\"color: #ff0000;\"><span style=\"font-family: Helvetica 65 Medium, sans-serif;\"><span style=\"font-size: medium;\">.<\/span><\/span><\/span><\/p><h2><span style=\"color: #666666;\"><span style=\"font-family: Helvetica 65 Medium, sans-serif;\">Preparaci\u00f3n para la siguiente declaraci\u00f3n de accesibilidad<\/span><\/span><\/h2><p><span style=\"color: #666666;\"><span style=\"font-family: Helvetica 65 Medium, sans-serif;\"><span style=\"font-size: medium;\">La presente declaraci\u00f3n fue preparada el <strong>16<\/strong><\/span><\/span><\/span><span style=\"color: #666666;\"><span style=\"font-size: medium;\"><b>\u00a0de<\/b><\/span><\/span><span style=\"color: #666666;\"><span style=\"font-size: medium;\"><b>\u00a0mayo de<\/b><\/span><\/span><span style=\"color: #666666;\"><span style=\"font-family: Helvetica 65 Medium, sans-serif;\"><span style=\"font-size: medium;\"><b> 2025.<\/b><\/span><\/span><\/span><\/p><p><span style=\"color: #666666;\"><span style=\"font-family: Helvetica 65 Medium, sans-serif;\"><span style=\"font-size: medium;\">El m\u00e9todo empleado para preparar la declaraci\u00f3n ha sido una autoevaluaci\u00f3n llevada a cabo por el propio organismo.<\/span><\/span><\/span><\/p><p><span style=\"color: #666666;\"><span style=\"font-family: Helvetica 65 Medium, sans-serif;\"><span style=\"font-size: medium;\">Observaciones y datos de contacto<\/span><\/span><\/span><\/p><p><span style=\"color: #666666;\"><span style=\"font-family: Helvetica 65 Medium, sans-serif;\"><span style=\"font-size: medium;\">Puede realizar comunicaciones sobre requisitos de accesibilidad (art\u00edculo 10.2.a del RD 1112\/2018) como, por ejemplo:<\/span><\/span><\/span><\/p><ul><li><p><span style=\"color: #666666;\"><span style=\"font-family: Helvetica 65 Medium, sans-serif;\"><span style=\"font-size: medium;\">Informar sobre cualquier posible incumplimiento por parte de este sitio web<\/span><\/span><\/span><\/p><\/li><li><p><span style=\"color: #666666;\"><span style=\"font-family: Helvetica 65 Medium, sans-serif;\"><span style=\"font-size: medium;\">Transmitir otras dificultades de acceso al contenido<\/span><\/span><\/span><\/p><\/li><li><p><span style=\"color: #666666;\"><span style=\"font-family: Helvetica 65 Medium, sans-serif;\"><span style=\"font-size: medium;\">Formular cualquier otra consulta o sugerencia de mejora relativa a la accesibilidad del sitio web<\/span><\/span><\/span><\/p><\/li><\/ul><p><span style=\"color: #666666;\"><span style=\"font-family: Helvetica 65 Medium, sans-serif;\"><span style=\"font-size: medium;\">a trav\u00e9s del formulario de contacto de este sitio web o a trav\u00e9s del n\u00famero de tel\u00e9fono <strong>(+34) 944 237 500.<\/strong><\/span><\/span><\/span><\/p><p><span style=\"color: #666666;\"><span style=\"font-family: Helvetica 65 Medium, sans-serif;\"><span style=\"font-size: medium;\">Puede presentar:<\/span><\/span><\/span><\/p><ul><li><p><span style=\"color: #666666;\"><span style=\"font-family: Helvetica 65 Medium, sans-serif;\"><span style=\"font-size: medium;\">Queja relativa al cumplimiento de los requisitos del RD 1112\/2018 o<\/span><\/span><\/span><\/p><\/li><li><p><span style=\"color: #666666;\"><span style=\"font-family: Helvetica 65 Medium, sans-serif;\"><span style=\"font-size: medium;\">Solicitud de Informaci\u00f3n accesible relativa a:<\/span><\/span><\/span><\/p><ul><li><p><span style=\"color: #666666;\"><span style=\"font-family: Helvetica 65 Medium, sans-serif;\"><span style=\"font-size: medium;\">Contenidos que est\u00e1n excluidos del \u00e1mbito de aplicaci\u00f3n del RD 1112\/2018 seg\u00fan lo establecido por el art\u00edculo 3, apartado 4<\/span><\/span><\/span><\/p><\/li><li><p><span style=\"color: #666666;\"><span style=\"font-family: Helvetica 65 Medium, sans-serif;\"><span style=\"font-size: medium;\">Contenidos que est\u00e1n exentos del cumplimiento de los requisitos de accesibilidad por imponer una carga desproporcionada<\/span><\/span><\/span><\/p><\/li><\/ul><\/li><\/ul><p><span style=\"color: #666666;\"><span style=\"font-family: Helvetica 65 Medium, sans-serif;\"><span style=\"font-size: medium;\">En la Solicitud de informaci\u00f3n accesible, se debe concretar, con toda claridad, los hechos, razones y petici\u00f3n que permitan constatar que se trata de una solicitud razonable y leg\u00edtima.<\/span><\/span><\/span><\/p><p><span style=\"color: #666666;\"><span style=\"font-family: Helvetica 65 Medium, sans-serif;\"><span style=\"font-size: medium;\">Las quejas y reclamaciones sobre informaci\u00f3n accesible se realizar\u00e1n a trav\u00e9s de la sede electr\u00f3nica (<strong>https:\/\/pedroperezestudio.es\/contacto\/<\/strong>)<\/span><\/span><\/span><span style=\"font-size: medium; color: #666666;\">, y ser\u00e1n recibidas y tratadas por el \u00e1rea de Sistemas de la Informaci\u00f3n de <\/span><strong style=\"font-size: medium; color: #666666;\">Pedro P\u00e9rez Estudio<\/strong><b style=\"font-size: medium; color: #666666;\">.<\/b><\/p><h2><span style=\"color: #666666;\"><span style=\"font-family: Helvetica 65 Medium, sans-serif;\">Contenido opcional<\/span><\/span><\/h2><p><span style=\"color: #666666;\"><span style=\"font-family: Helvetica 65 Medium, sans-serif;\"><span style=\"font-size: medium;\">Este portal est\u00e1 dise\u00f1ado para poder cambiar el tama\u00f1o del texto y el color, as\u00ed como el fondo de la p\u00e1gina mediante las opciones de configuraci\u00f3n est\u00e1ndar de los navegadores.<\/span><\/span><\/span><\/p><p><span style=\"color: #666666;\"><span style=\"font-family: Helvetica 65 Medium, sans-serif;\"><span style=\"font-size: medium;\">Si desea cambiar el tama\u00f1o de letra del texto en los principales navegadores gr\u00e1ficos utilice los siguientes men\u00fas:<\/span><\/span><\/span><\/p><ul><li><p><span style=\"color: #666666;\"><span style=\"font-family: Helvetica 65 Medium, sans-serif;\"><span style=\"font-size: medium;\">Internet Explorer, Mozilla y Firefox: Ver &gt; Tama\u00f1o del texto<\/span><\/span><\/span><\/p><\/li><li><p><span style=\"color: #666666;\"><span style=\"font-family: Helvetica 65 Medium, sans-serif;\"><span style=\"font-size: medium;\">Opera: Ver &gt; Zoom<\/span><\/span><\/span><\/p><\/li><li><p><span style=\"color: #666666;\"><span style=\"font-family: Helvetica 65 Medium, sans-serif;\"><span style=\"font-size: medium;\">Safari: Ver &gt; Hacer el texto m\u00e1s grande<\/span><\/span><\/span><\/p><\/li><li><p><span style=\"color: #666666;\"><span style=\"font-family: Helvetica 65 Medium, sans-serif;\"><span style=\"font-size: medium;\">Chrome: Controla la p\u00e1gina actual &gt; Tama\u00f1o del texto<\/span><\/span><\/span><\/p><\/li><li><p><span style=\"color: #666666;\"><span style=\"font-family: Helvetica 65 Medium, sans-serif;\"><span style=\"font-size: medium;\">Para modificar el tama\u00f1o de todo en la p\u00e1gina:<\/span><\/span><\/span><\/p><ul><li><p><span style=\"color: #666666;\"><span style=\"font-family: Helvetica 65 Medium, sans-serif;\"><span style=\"font-size: medium;\">Ctrl + + para aumentarlo<\/span><\/span><\/span><\/p><\/li><li><p><span style=\"color: #666666;\"><span style=\"font-family: Helvetica 65 Medium, sans-serif;\"><span style=\"font-size: medium;\">Ctrl + \u2013 para disminuirlo<\/span><\/span><\/span><\/p><\/li><li><p><span style=\"color: #666666;\"><span style=\"font-family: Helvetica 65 Medium, sans-serif;\"><span style=\"font-size: medium;\">Ctrl + 0 restaura el tama\u00f1o original del texto<\/span><\/span><\/span><\/p><\/li><li><p><span style=\"color: #666666;\"><span style=\"font-family: Helvetica 65 Medium, sans-serif;\"><span style=\"font-size: medium;\">Si lo que quiere es anular la hoja de estilos o modificar el color del texto, puede consultar la p\u00e1gina\u00a0<span lang=\"en-US\">How to Change Text Size or Colors de la WAI<\/span>, que se puede leer traducida al espa\u00f1ol en \u00bfC\u00f3mo cambiar el tama\u00f1o del texto o colores?<\/span><\/span><\/span><\/p><\/li><\/ul><\/li><\/ul>\t\t\t\t\t\t\t\t<\/div>\n\t\t\t\t<\/div>\n\t\t\t\t\t<\/div>\n\t\t\t\t<\/div>\n\t\t\t\t<\/div>","protected":false},"excerpt":{"rendered":"<p>Mi Historia Mi Visi\u00f3n Proyectos Otros Escenarios Contacto ACCESIBILIDAD Pedro P\u00e9rez Estudio se ha comprometido a hacer accesible su sitio web, de conformidad con el Real Decreto 1112\/2018, de 7 de septiembre, sobre accesibilidad de los sitios web y aplicaciones para dispositivos m\u00f3viles del sector p\u00fablico. La presente declaraci\u00f3n de accesibilidad se aplica al sitio [&hellip;]<\/p>\n","protected":false},"author":1,"featured_media":0,"parent":0,"menu_order":0,"comment_status":"closed","ping_status":"closed","template":"elementor_canvas","meta":{"footnotes":""},"class_list":["post-20","page","type-page","status-publish","hentry"],"yoast_head":"<!-- This site is optimized with the Yoast SEO plugin v27.3 - https:\/\/yoast.com\/product\/yoast-seo-wordpress\/ -->\n<title>Accesibilidad - Pedro P\u00e9rez Estudio<\/title>\n<meta name=\"robots\" content=\"index, follow, max-snippet:-1, max-image-preview:large, max-video-preview:-1\" \/>\n<link rel=\"canonical\" href=\"https:\/\/pedroperezestudio.es\/eu\/accesibilidad\/\" \/>\n<meta property=\"og:locale\" content=\"en_US\" \/>\n<meta property=\"og:type\" content=\"article\" \/>\n<meta property=\"og:title\" content=\"Accesibilidad - Pedro P\u00e9rez Estudio\" \/>\n<meta property=\"og:description\" content=\"Mi Historia Mi Visi\u00f3n Proyectos Otros Escenarios Contacto ACCESIBILIDAD Pedro P\u00e9rez Estudio se ha comprometido a hacer accesible su sitio web, de conformidad con el Real Decreto 1112\/2018, de 7 de septiembre, sobre accesibilidad de los sitios web y aplicaciones para dispositivos m\u00f3viles del sector p\u00fablico. La presente declaraci\u00f3n de accesibilidad se aplica al sitio [&hellip;]\" \/>\n<meta property=\"og:url\" content=\"https:\/\/pedroperezestudio.es\/eu\/accesibilidad\/\" \/>\n<meta property=\"og:site_name\" content=\"Pedro P\u00e9rez Estudio\" \/>\n<meta property=\"article:modified_time\" content=\"2025-05-29T10:32:59+00:00\" \/>\n<meta name=\"twitter:card\" content=\"summary_large_image\" \/>\n<meta name=\"twitter:label1\" content=\"Est. reading time\" \/>\n\t<meta name=\"twitter:data1\" content=\"3 minutua\" \/>\n<script type=\"application\/ld+json\" class=\"yoast-schema-graph\">{\"@context\":\"https:\\\/\\\/schema.org\",\"@graph\":[{\"@type\":\"WebPage\",\"@id\":\"https:\\\/\\\/pedroperezestudio.es\\\/accesibilidad\\\/\",\"url\":\"https:\\\/\\\/pedroperezestudio.es\\\/accesibilidad\\\/\",\"name\":\"Accesibilidad - Pedro P\u00e9rez Estudio\",\"isPartOf\":{\"@id\":\"https:\\\/\\\/pedroperezestudio.es\\\/#website\"},\"datePublished\":\"2025-05-09T07:26:53+00:00\",\"dateModified\":\"2025-05-29T10:32:59+00:00\",\"breadcrumb\":{\"@id\":\"https:\\\/\\\/pedroperezestudio.es\\\/accesibilidad\\\/#breadcrumb\"},\"inLanguage\":\"eu\",\"potentialAction\":[{\"@type\":\"ReadAction\",\"target\":[\"https:\\\/\\\/pedroperezestudio.es\\\/accesibilidad\\\/\"]}]},{\"@type\":\"BreadcrumbList\",\"@id\":\"https:\\\/\\\/pedroperezestudio.es\\\/accesibilidad\\\/#breadcrumb\",\"itemListElement\":[{\"@type\":\"ListItem\",\"position\":1,\"name\":\"Portada\",\"item\":\"https:\\\/\\\/pedroperezestudio.es\\\/\"},{\"@type\":\"ListItem\",\"position\":2,\"name\":\"Accesibilidad\"}]},{\"@type\":\"WebSite\",\"@id\":\"https:\\\/\\\/pedroperezestudio.es\\\/#website\",\"url\":\"https:\\\/\\\/pedroperezestudio.es\\\/\",\"name\":\"Pedro P\u00e9rez Estudio\",\"description\":\"\",\"potentialAction\":[{\"@type\":\"SearchAction\",\"target\":{\"@type\":\"EntryPoint\",\"urlTemplate\":\"https:\\\/\\\/pedroperezestudio.es\\\/?s={search_term_string}\"},\"query-input\":{\"@type\":\"PropertyValueSpecification\",\"valueRequired\":true,\"valueName\":\"search_term_string\"}}],\"inLanguage\":\"eu\"}]}<\/script>\n<!-- \/ Yoast SEO plugin. -->","yoast_head_json":{"title":"Accesibilidad - Pedro P\u00e9rez Estudio","robots":{"index":"index","follow":"follow","max-snippet":"max-snippet:-1","max-image-preview":"max-image-preview:large","max-video-preview":"max-video-preview:-1"},"canonical":"https:\/\/pedroperezestudio.es\/eu\/accesibilidad\/","og_locale":"en_US","og_type":"article","og_title":"Accesibilidad - Pedro P\u00e9rez Estudio","og_description":"Mi Historia Mi Visi\u00f3n Proyectos Otros Escenarios Contacto ACCESIBILIDAD Pedro P\u00e9rez Estudio se ha comprometido a hacer accesible su sitio web, de conformidad con el Real Decreto 1112\/2018, de 7 de septiembre, sobre accesibilidad de los sitios web y aplicaciones para dispositivos m\u00f3viles del sector p\u00fablico. La presente declaraci\u00f3n de accesibilidad se aplica al sitio [&hellip;]","og_url":"https:\/\/pedroperezestudio.es\/eu\/accesibilidad\/","og_site_name":"Pedro P\u00e9rez Estudio","article_modified_time":"2025-05-29T10:32:59+00:00","twitter_card":"summary_large_image","twitter_misc":{"Est. reading time":"3 minutua"},"schema":{"@context":"https:\/\/schema.org","@graph":[{"@type":"WebPage","@id":"https:\/\/pedroperezestudio.es\/accesibilidad\/","url":"https:\/\/pedroperezestudio.es\/accesibilidad\/","name":"Accesibilidad - Pedro P\u00e9rez Estudio","isPartOf":{"@id":"https:\/\/pedroperezestudio.es\/#website"},"datePublished":"2025-05-09T07:26:53+00:00","dateModified":"2025-05-29T10:32:59+00:00","breadcrumb":{"@id":"https:\/\/pedroperezestudio.es\/accesibilidad\/#breadcrumb"},"inLanguage":"eu","potentialAction":[{"@type":"ReadAction","target":["https:\/\/pedroperezestudio.es\/accesibilidad\/"]}]},{"@type":"BreadcrumbList","@id":"https:\/\/pedroperezestudio.es\/accesibilidad\/#breadcrumb","itemListElement":[{"@type":"ListItem","position":1,"name":"Portada","item":"https:\/\/pedroperezestudio.es\/"},{"@type":"ListItem","position":2,"name":"Accesibilidad"}]},{"@type":"WebSite","@id":"https:\/\/pedroperezestudio.es\/#website","url":"https:\/\/pedroperezestudio.es\/","name":"Pedro P\u00e9rez Estudio","description":"","potentialAction":[{"@type":"SearchAction","target":{"@type":"EntryPoint","urlTemplate":"https:\/\/pedroperezestudio.es\/?s={search_term_string}"},"query-input":{"@type":"PropertyValueSpecification","valueRequired":true,"valueName":"search_term_string"}}],"inLanguage":"eu"}]}},"_links":{"self":[{"href":"https:\/\/pedroperezestudio.es\/eu\/wp-json\/wp\/v2\/pages\/20","targetHints":{"allow":["GET"]}}],"collection":[{"href":"https:\/\/pedroperezestudio.es\/eu\/wp-json\/wp\/v2\/pages"}],"about":[{"href":"https:\/\/pedroperezestudio.es\/eu\/wp-json\/wp\/v2\/types\/page"}],"author":[{"embeddable":true,"href":"https:\/\/pedroperezestudio.es\/eu\/wp-json\/wp\/v2\/users\/1"}],"replies":[{"embeddable":true,"href":"https:\/\/pedroperezestudio.es\/eu\/wp-json\/wp\/v2\/comments?post=20"}],"version-history":[{"count":43,"href":"https:\/\/pedroperezestudio.es\/eu\/wp-json\/wp\/v2\/pages\/20\/revisions"}],"predecessor-version":[{"id":4968,"href":"https:\/\/pedroperezestudio.es\/eu\/wp-json\/wp\/v2\/pages\/20\/revisions\/4968"}],"wp:attachment":[{"href":"https:\/\/pedroperezestudio.es\/eu\/wp-json\/wp\/v2\/media?parent=20"}],"curies":[{"name":"wp","href":"https:\/\/api.w.org\/{rel}","templated":true}]}}