{"id":3997,"date":"2025-05-26T11:37:51","date_gmt":"2025-05-26T11:37:51","guid":{"rendered":"https:\/\/pedroperezestudio.rkinformatika.online\/?page_id=3997"},"modified":"2025-06-10T11:48:53","modified_gmt":"2025-06-10T11:48:53","slug":"otros-escenarios","status":"publish","type":"page","link":"https:\/\/pedroperezestudio.es\/eu\/otros-escenarios\/","title":{"rendered":"Beste agertoki batzuk"},"content":{"rendered":"<div data-elementor-type=\"wp-page\" data-elementor-id=\"3997\" class=\"elementor elementor-3997\" data-elementor-post-type=\"page\">\n\t\t\t\t<div class=\"elementor-element elementor-element-da73a92 e-flex e-con-boxed e-con e-parent\" data-id=\"da73a92\" data-element_type=\"container\" data-e-type=\"container\" data-settings=\"{&quot;background_background&quot;:&quot;classic&quot;}\">\n\t\t\t\t\t<div class=\"e-con-inner\">\n\t\t<div class=\"elementor-element elementor-element-be43f57 e-con-full e-flex e-con e-child\" data-id=\"be43f57\" data-element_type=\"container\" data-e-type=\"container\">\n\t\t\t\t<div class=\"elementor-element elementor-element-d6106c2 elementor-position-inline-end elementor-widget__width-initial elementor-view-default elementor-mobile-position-block-start elementor-widget elementor-widget-icon-box\" data-id=\"d6106c2\" data-element_type=\"widget\" data-e-type=\"widget\" data-widget_type=\"icon-box.default\">\n\t\t\t\t<div class=\"elementor-widget-container\">\n\t\t\t\t\t\t\t<div class=\"elementor-icon-box-wrapper\">\n\n\t\t\t\t\t\t<div class=\"elementor-icon-box-icon\">\n\t\t\t\t<a href=\"https:\/\/pedroperezestudio.es\/eu\/videos\/\" class=\"elementor-icon elementor-animation-pulse-grow\" tabindex=\"-1\" aria-label=\"DISE\u00d1O   EN  OTROS  ESCENARIOS     \">\n\t\t\t\t<svg aria-hidden=\"true\" class=\"e-font-icon-svg e-fas-greater-than\" viewbox=\"0 0 384 512\" xmlns=\"http:\/\/www.w3.org\/2000\/svg\"><path d=\"M365.52 209.85L59.22 67.01c-16.06-7.49-35.15-.54-42.64 15.52L3.01 111.61c-7.49 16.06-.54 35.15 15.52 42.64L236.96 256.1 18.49 357.99C2.47 365.46-4.46 384.5 3.01 400.52l13.52 29C24 445.54 43.04 452.47 59.06 445l306.47-142.91a32.003 32.003 0 0 0 18.48-29v-34.23c-.01-12.45-7.21-23.76-18.49-29.01z\"><\/path><\/svg>\t\t\t\t<\/a>\n\t\t\t<\/div>\n\t\t\t\n\t\t\t\t\t\t<div class=\"elementor-icon-box-content\">\n\n\t\t\t\t\t\t\t\t\t<h3 class=\"elementor-icon-box-title\">\n\t\t\t\t\t\t<a href=\"https:\/\/pedroperezestudio.es\/eu\/videos\/\" >\n\t\t\t\t\t\t\tDISE\u00d1O   EN  OTROS  ESCENARIOS     \t\t\t\t\t\t<\/a>\n\t\t\t\t\t<\/h3>\n\t\t\t\t\n\t\t\t\t\n\t\t\t<\/div>\n\t\t\t\n\t\t<\/div>\n\t\t\t\t\t\t<\/div>\n\t\t\t\t<\/div>\n\t\t\t\t<div class=\"elementor-element elementor-element-51c60a6 elementor-widget elementor-widget-heading\" data-id=\"51c60a6\" data-element_type=\"widget\" data-e-type=\"widget\" data-widget_type=\"heading.default\">\n\t\t\t\t<div class=\"elementor-widget-container\">\n\t\t\t\t\t<h2 class=\"elementor-heading-title elementor-size-default\">Interiores que narran historias, sin importar el contexto<br>\nEn Pedro P\u00e9rez Estudio, entendemos el dise\u00f1o como una expresi\u00f3n viva de identidad, emoci\u00f3n y prop\u00f3sito. Mi visi\u00f3n trasciende lo residencial.<br>\nMi experiencia abarca una amplia variedad de espacios:<br>\nexposiciones art\u00edsticas, donde cada elemento gu\u00eda al visitante en un recorrido emocional;<br>\ncentros de interpretaci\u00f3n, que no solo informan, sino que inspiran;<br>\noficinas, pensadas para potenciar la creatividad, la funcionalidad y el bienestar de quienes las habitan;<br>\n y espacios ef\u00edmeros que necesitan causar impacto desde el primer segundo.\n<br><br>\n\nCada proyecto, sin importar su escala o tipolog\u00eda, se aborda desde una mirada profundamente personalizada. Esto implica interpretar con precisi\u00f3n las emociones, valores y objetivos de quienes lo habitan o lo visitan, y materializarlos en un entorno que respire coherencia y autenticidad.\n\n<\/h2>\t\t\t\t<\/div>\n\t\t\t\t<\/div>\n\t\t\t\t<\/div>\n\t\t<div class=\"elementor-element elementor-element-a0e6c1a e-con-full e-flex e-con e-child\" data-id=\"a0e6c1a\" data-element_type=\"container\" data-e-type=\"container\" data-settings=\"{&quot;background_background&quot;:&quot;classic&quot;}\">\n\t\t\t\t<div class=\"elementor-element elementor-element-04ebbad elementor-widget elementor-widget-image\" data-id=\"04ebbad\" data-element_type=\"widget\" data-e-type=\"widget\" data-widget_type=\"image.default\">\n\t\t\t\t<div class=\"elementor-widget-container\">\n\t\t\t\t\t\t\t\t\t\t\t\t\t\t\t<img fetchpriority=\"high\" decoding=\"async\" width=\"768\" height=\"1024\" src=\"https:\/\/pedroperezestudio.es\/wp-content\/uploads\/2025\/06\/IMG-20200216-WA0011-1.jpg\" class=\"attachment-large size-large wp-image-5206\" alt=\"\" srcset=\"https:\/\/pedroperezestudio.es\/wp-content\/uploads\/2025\/06\/IMG-20200216-WA0011-1.jpg 768w, https:\/\/pedroperezestudio.es\/wp-content\/uploads\/2025\/06\/IMG-20200216-WA0011-1-225x300.jpg 225w, https:\/\/pedroperezestudio.es\/wp-content\/uploads\/2025\/06\/IMG-20200216-WA0011-1-9x12.jpg 9w\" sizes=\"(max-width: 768px) 100vw, 768px\" \/>\t\t\t\t\t\t\t\t\t\t\t\t\t\t\t<\/div>\n\t\t\t\t<\/div>\n\t\t\t\t<\/div>\n\t\t<div class=\"elementor-element elementor-element-30a1543 e-con-full e-flex e-con e-child\" data-id=\"30a1543\" data-element_type=\"container\" data-e-type=\"container\" data-settings=\"{&quot;background_background&quot;:&quot;classic&quot;}\">\n\t\t\t\t<\/div>\n\t\t\t\t\t<\/div>\n\t\t\t\t<\/div>\n\t\t<div class=\"elementor-element elementor-element-0ccc36a e-flex e-con-boxed e-con e-parent\" data-id=\"0ccc36a\" data-element_type=\"container\" data-e-type=\"container\">\n\t\t\t\t\t<div class=\"e-con-inner\">\n\t\t<div class=\"elementor-element elementor-element-004e294 e-con-full e-flex e-con e-child\" data-id=\"004e294\" data-element_type=\"container\" data-e-type=\"container\">\n\t\t\t\t<\/div>\n\t\t<div class=\"elementor-element elementor-element-fddfe3d e-con-full e-flex e-con e-child\" data-id=\"fddfe3d\" data-element_type=\"container\" data-e-type=\"container\">\n\t\t\t\t<div class=\"elementor-element elementor-element-c335632 elementor-align-start elementor-tablet-align-start elementor-icon-list--layout-traditional elementor-list-item-link-full_width elementor-widget elementor-widget-icon-list\" data-id=\"c335632\" data-element_type=\"widget\" data-e-type=\"widget\" data-widget_type=\"icon-list.default\">\n\t\t\t\t<div class=\"elementor-widget-container\">\n\t\t\t\t\t\t\t<ul class=\"elementor-icon-list-items\">\n\t\t\t\t\t\t\t<li class=\"elementor-icon-list-item\">\n\t\t\t\t\t\t\t\t\t\t\t<a href=\"https:\/\/pedroperezestudio.es\/eu\/\">\n\n\t\t\t\t\t\t\t\t\t\t\t<span class=\"elementor-icon-list-text\">Nire historia<\/span>\n\t\t\t\t\t\t\t\t\t\t\t<\/a>\n\t\t\t\t\t\t\t\t\t<\/li>\n\t\t\t\t\t\t\t\t<li class=\"elementor-icon-list-item\">\n\t\t\t\t\t\t\t\t\t\t\t<a href=\"https:\/\/pedroperezestudio.es\/eu\/mi-vision\/\">\n\n\t\t\t\t\t\t\t\t\t\t\t<span class=\"elementor-icon-list-text\">Nire ikuspegia<\/span>\n\t\t\t\t\t\t\t\t\t\t\t<\/a>\n\t\t\t\t\t\t\t\t\t<\/li>\n\t\t\t\t\t\t\t\t<li class=\"elementor-icon-list-item\">\n\t\t\t\t\t\t\t\t\t\t\t<a href=\"https:\/\/pedroperezestudio.es\/eu\/proyectos\/\">\n\n\t\t\t\t\t\t\t\t\t\t\t<span class=\"elementor-icon-list-text\">Proiektuak<\/span>\n\t\t\t\t\t\t\t\t\t\t\t<\/a>\n\t\t\t\t\t\t\t\t\t<\/li>\n\t\t\t\t\t\t\t\t<li class=\"elementor-icon-list-item\">\n\t\t\t\t\t\t\t\t\t\t\t<a href=\"https:\/\/pedroperezestudio.es\/eu\/otros-escenarios\/\">\n\n\t\t\t\t\t\t\t\t\t\t\t<span class=\"elementor-icon-list-text\">Beste agertoki batzuk<\/span>\n\t\t\t\t\t\t\t\t\t\t\t<\/a>\n\t\t\t\t\t\t\t\t\t<\/li>\n\t\t\t\t\t\t\t\t<li class=\"elementor-icon-list-item\">\n\t\t\t\t\t\t\t\t\t\t\t<a href=\"https:\/\/pedroperezestudio.es\/eu\/contacto\/\">\n\n\t\t\t\t\t\t\t\t\t\t\t<span class=\"elementor-icon-list-text\">Kontaktua<\/span>\n\t\t\t\t\t\t\t\t\t\t\t<\/a>\n\t\t\t\t\t\t\t\t\t<\/li>\n\t\t\t\t\t\t<\/ul>\n\t\t\t\t\t\t<\/div>\n\t\t\t\t<\/div>\n\t\t\t\t<\/div>\n\t\t\t\t\t<\/div>\n\t\t\t\t<\/div>\n\t\t\t\t<\/div>","protected":false},"excerpt":{"rendered":"<p>DISE\u00d1O EN OTROS ESCENARIOS Interiores que narran historias, sin importar el contexto En Pedro P\u00e9rez Estudio, entendemos el dise\u00f1o como una expresi\u00f3n viva de identidad, emoci\u00f3n y prop\u00f3sito. Mi visi\u00f3n trasciende lo residencial. Mi experiencia abarca una amplia variedad de espacios: exposiciones art\u00edsticas, donde cada elemento gu\u00eda al visitante en un recorrido emocional; centros de [&hellip;]<\/p>\n","protected":false},"author":1,"featured_media":0,"parent":0,"menu_order":0,"comment_status":"closed","ping_status":"closed","template":"elementor_canvas","meta":{"footnotes":""},"class_list":["post-3997","page","type-page","status-publish","hentry"],"yoast_head":"<!-- This site is optimized with the Yoast SEO plugin v27.3 - https:\/\/yoast.com\/product\/yoast-seo-wordpress\/ -->\n<title>Otros Escenarios - Pedro P\u00e9rez Estudio<\/title>\n<meta name=\"robots\" content=\"index, follow, max-snippet:-1, max-image-preview:large, max-video-preview:-1\" \/>\n<link rel=\"canonical\" href=\"https:\/\/pedroperezestudio.es\/eu\/otros-escenarios\/\" \/>\n<meta property=\"og:locale\" content=\"en_US\" \/>\n<meta property=\"og:type\" content=\"article\" \/>\n<meta property=\"og:title\" content=\"Otros Escenarios - Pedro P\u00e9rez Estudio\" \/>\n<meta property=\"og:description\" content=\"DISE\u00d1O EN OTROS ESCENARIOS Interiores que narran historias, sin importar el contexto En Pedro P\u00e9rez Estudio, entendemos el dise\u00f1o como una expresi\u00f3n viva de identidad, emoci\u00f3n y prop\u00f3sito. Mi visi\u00f3n trasciende lo residencial. Mi experiencia abarca una amplia variedad de espacios: exposiciones art\u00edsticas, donde cada elemento gu\u00eda al visitante en un recorrido emocional; centros de [&hellip;]\" \/>\n<meta property=\"og:url\" content=\"https:\/\/pedroperezestudio.es\/eu\/otros-escenarios\/\" \/>\n<meta property=\"og:site_name\" content=\"Pedro P\u00e9rez Estudio\" \/>\n<meta property=\"article:modified_time\" content=\"2025-06-10T11:48:53+00:00\" \/>\n<meta property=\"og:image\" content=\"https:\/\/pedroperezestudio.es\/wp-content\/uploads\/2025\/06\/IMG-20200216-WA0011-1.jpg\" \/>\n\t<meta property=\"og:image:width\" content=\"768\" \/>\n\t<meta property=\"og:image:height\" content=\"1024\" \/>\n\t<meta property=\"og:image:type\" content=\"image\/jpeg\" \/>\n<meta name=\"twitter:card\" content=\"summary_large_image\" \/>\n<meta name=\"twitter:label1\" content=\"Est. reading time\" \/>\n\t<meta name=\"twitter:data1\" content=\"1 minutua\" \/>\n<script type=\"application\/ld+json\" class=\"yoast-schema-graph\">{\"@context\":\"https:\\\/\\\/schema.org\",\"@graph\":[{\"@type\":\"WebPage\",\"@id\":\"https:\\\/\\\/pedroperezestudio.es\\\/otros-escenarios\\\/\",\"url\":\"https:\\\/\\\/pedroperezestudio.es\\\/otros-escenarios\\\/\",\"name\":\"Otros Escenarios - Pedro P\u00e9rez Estudio\",\"isPartOf\":{\"@id\":\"https:\\\/\\\/pedroperezestudio.es\\\/#website\"},\"primaryImageOfPage\":{\"@id\":\"https:\\\/\\\/pedroperezestudio.es\\\/otros-escenarios\\\/#primaryimage\"},\"image\":{\"@id\":\"https:\\\/\\\/pedroperezestudio.es\\\/otros-escenarios\\\/#primaryimage\"},\"thumbnailUrl\":\"https:\\\/\\\/pedroperezestudio.es\\\/wp-content\\\/uploads\\\/2025\\\/06\\\/IMG-20200216-WA0011-1.jpg\",\"datePublished\":\"2025-05-26T11:37:51+00:00\",\"dateModified\":\"2025-06-10T11:48:53+00:00\",\"breadcrumb\":{\"@id\":\"https:\\\/\\\/pedroperezestudio.es\\\/otros-escenarios\\\/#breadcrumb\"},\"inLanguage\":\"eu\",\"potentialAction\":[{\"@type\":\"ReadAction\",\"target\":[\"https:\\\/\\\/pedroperezestudio.es\\\/otros-escenarios\\\/\"]}]},{\"@type\":\"ImageObject\",\"inLanguage\":\"eu\",\"@id\":\"https:\\\/\\\/pedroperezestudio.es\\\/otros-escenarios\\\/#primaryimage\",\"url\":\"https:\\\/\\\/pedroperezestudio.es\\\/wp-content\\\/uploads\\\/2025\\\/06\\\/IMG-20200216-WA0011-1.jpg\",\"contentUrl\":\"https:\\\/\\\/pedroperezestudio.es\\\/wp-content\\\/uploads\\\/2025\\\/06\\\/IMG-20200216-WA0011-1.jpg\"},{\"@type\":\"BreadcrumbList\",\"@id\":\"https:\\\/\\\/pedroperezestudio.es\\\/otros-escenarios\\\/#breadcrumb\",\"itemListElement\":[{\"@type\":\"ListItem\",\"position\":1,\"name\":\"Portada\",\"item\":\"https:\\\/\\\/pedroperezestudio.es\\\/\"},{\"@type\":\"ListItem\",\"position\":2,\"name\":\"Otros Escenarios\"}]},{\"@type\":\"WebSite\",\"@id\":\"https:\\\/\\\/pedroperezestudio.es\\\/#website\",\"url\":\"https:\\\/\\\/pedroperezestudio.es\\\/\",\"name\":\"Pedro P\u00e9rez Estudio\",\"description\":\"\",\"potentialAction\":[{\"@type\":\"SearchAction\",\"target\":{\"@type\":\"EntryPoint\",\"urlTemplate\":\"https:\\\/\\\/pedroperezestudio.es\\\/?s={search_term_string}\"},\"query-input\":{\"@type\":\"PropertyValueSpecification\",\"valueRequired\":true,\"valueName\":\"search_term_string\"}}],\"inLanguage\":\"eu\"}]}<\/script>\n<!-- \/ Yoast SEO plugin. -->","yoast_head_json":{"title":"Otros Escenarios - Pedro P\u00e9rez Estudio","robots":{"index":"index","follow":"follow","max-snippet":"max-snippet:-1","max-image-preview":"max-image-preview:large","max-video-preview":"max-video-preview:-1"},"canonical":"https:\/\/pedroperezestudio.es\/eu\/otros-escenarios\/","og_locale":"en_US","og_type":"article","og_title":"Otros Escenarios - Pedro P\u00e9rez Estudio","og_description":"DISE\u00d1O EN OTROS ESCENARIOS Interiores que narran historias, sin importar el contexto En Pedro P\u00e9rez Estudio, entendemos el dise\u00f1o como una expresi\u00f3n viva de identidad, emoci\u00f3n y prop\u00f3sito. Mi visi\u00f3n trasciende lo residencial. Mi experiencia abarca una amplia variedad de espacios: exposiciones art\u00edsticas, donde cada elemento gu\u00eda al visitante en un recorrido emocional; centros de [&hellip;]","og_url":"https:\/\/pedroperezestudio.es\/eu\/otros-escenarios\/","og_site_name":"Pedro P\u00e9rez Estudio","article_modified_time":"2025-06-10T11:48:53+00:00","og_image":[{"width":768,"height":1024,"url":"https:\/\/pedroperezestudio.es\/wp-content\/uploads\/2025\/06\/IMG-20200216-WA0011-1.jpg","type":"image\/jpeg"}],"twitter_card":"summary_large_image","twitter_misc":{"Est. reading time":"1 minutua"},"schema":{"@context":"https:\/\/schema.org","@graph":[{"@type":"WebPage","@id":"https:\/\/pedroperezestudio.es\/otros-escenarios\/","url":"https:\/\/pedroperezestudio.es\/otros-escenarios\/","name":"Otros Escenarios - Pedro P\u00e9rez Estudio","isPartOf":{"@id":"https:\/\/pedroperezestudio.es\/#website"},"primaryImageOfPage":{"@id":"https:\/\/pedroperezestudio.es\/otros-escenarios\/#primaryimage"},"image":{"@id":"https:\/\/pedroperezestudio.es\/otros-escenarios\/#primaryimage"},"thumbnailUrl":"https:\/\/pedroperezestudio.es\/wp-content\/uploads\/2025\/06\/IMG-20200216-WA0011-1.jpg","datePublished":"2025-05-26T11:37:51+00:00","dateModified":"2025-06-10T11:48:53+00:00","breadcrumb":{"@id":"https:\/\/pedroperezestudio.es\/otros-escenarios\/#breadcrumb"},"inLanguage":"eu","potentialAction":[{"@type":"ReadAction","target":["https:\/\/pedroperezestudio.es\/otros-escenarios\/"]}]},{"@type":"ImageObject","inLanguage":"eu","@id":"https:\/\/pedroperezestudio.es\/otros-escenarios\/#primaryimage","url":"https:\/\/pedroperezestudio.es\/wp-content\/uploads\/2025\/06\/IMG-20200216-WA0011-1.jpg","contentUrl":"https:\/\/pedroperezestudio.es\/wp-content\/uploads\/2025\/06\/IMG-20200216-WA0011-1.jpg"},{"@type":"BreadcrumbList","@id":"https:\/\/pedroperezestudio.es\/otros-escenarios\/#breadcrumb","itemListElement":[{"@type":"ListItem","position":1,"name":"Portada","item":"https:\/\/pedroperezestudio.es\/"},{"@type":"ListItem","position":2,"name":"Otros Escenarios"}]},{"@type":"WebSite","@id":"https:\/\/pedroperezestudio.es\/#website","url":"https:\/\/pedroperezestudio.es\/","name":"Pedro P\u00e9rez Estudio","description":"","potentialAction":[{"@type":"SearchAction","target":{"@type":"EntryPoint","urlTemplate":"https:\/\/pedroperezestudio.es\/?s={search_term_string}"},"query-input":{"@type":"PropertyValueSpecification","valueRequired":true,"valueName":"search_term_string"}}],"inLanguage":"eu"}]}},"_links":{"self":[{"href":"https:\/\/pedroperezestudio.es\/eu\/wp-json\/wp\/v2\/pages\/3997","targetHints":{"allow":["GET"]}}],"collection":[{"href":"https:\/\/pedroperezestudio.es\/eu\/wp-json\/wp\/v2\/pages"}],"about":[{"href":"https:\/\/pedroperezestudio.es\/eu\/wp-json\/wp\/v2\/types\/page"}],"author":[{"embeddable":true,"href":"https:\/\/pedroperezestudio.es\/eu\/wp-json\/wp\/v2\/users\/1"}],"replies":[{"embeddable":true,"href":"https:\/\/pedroperezestudio.es\/eu\/wp-json\/wp\/v2\/comments?post=3997"}],"version-history":[{"count":250,"href":"https:\/\/pedroperezestudio.es\/eu\/wp-json\/wp\/v2\/pages\/3997\/revisions"}],"predecessor-version":[{"id":5965,"href":"https:\/\/pedroperezestudio.es\/eu\/wp-json\/wp\/v2\/pages\/3997\/revisions\/5965"}],"wp:attachment":[{"href":"https:\/\/pedroperezestudio.es\/eu\/wp-json\/wp\/v2\/media?parent=3997"}],"curies":[{"name":"wp","href":"https:\/\/api.w.org\/{rel}","templated":true}]}}