{"id":4008,"date":"2025-05-27T06:54:50","date_gmt":"2025-05-27T06:54:50","guid":{"rendered":"https:\/\/pedroperezestudio.rkinformatika.online\/?page_id=4008"},"modified":"2025-06-10T13:49:05","modified_gmt":"2025-06-10T13:49:05","slug":"bilbao-j9","status":"publish","type":"page","link":"https:\/\/pedroperezestudio.es\/eu\/bilbao-j9\/","title":{"rendered":"Bilbao J9"},"content":{"rendered":"<div data-elementor-type=\"wp-page\" data-elementor-id=\"4008\" class=\"elementor elementor-4008\" data-elementor-post-type=\"page\">\n\t\t\t\t<div class=\"elementor-element elementor-element-688f0eb e-flex e-con-boxed e-con e-parent\" data-id=\"688f0eb\" data-element_type=\"container\" data-e-type=\"container\">\n\t\t\t\t\t<div class=\"e-con-inner\">\n\t\t<div class=\"elementor-element elementor-element-60f9faf e-con-full e-flex e-con e-child\" data-id=\"60f9faf\" data-element_type=\"container\" data-e-type=\"container\">\n\t\t\t\t<div class=\"elementor-element elementor-element-55762eb elementor-widget elementor-widget-heading\" data-id=\"55762eb\" data-element_type=\"widget\" data-e-type=\"widget\" data-widget_type=\"heading.default\">\n\t\t\t\t<div class=\"elementor-widget-container\">\n\t\t\t\t\t<h2 class=\"elementor-heading-title elementor-size-default\">Bilbao<\/h2>\t\t\t\t<\/div>\n\t\t\t\t<\/div>\n\t\t\t\t<\/div>\n\t\t<div class=\"elementor-element elementor-element-1f25be5 e-con-full e-flex e-con e-child\" data-id=\"1f25be5\" data-element_type=\"container\" data-e-type=\"container\" data-settings=\"{&quot;background_background&quot;:&quot;classic&quot;}\">\n\t\t\t\t<div class=\"elementor-element elementor-element-6e8a5c4 elementor-widget elementor-widget-spacer\" data-id=\"6e8a5c4\" data-element_type=\"widget\" data-e-type=\"widget\" data-widget_type=\"spacer.default\">\n\t\t\t\t<div class=\"elementor-widget-container\">\n\t\t\t\t\t\t\t<div class=\"elementor-spacer\">\n\t\t\t<div class=\"elementor-spacer-inner\"><\/div>\n\t\t<\/div>\n\t\t\t\t\t\t<\/div>\n\t\t\t\t<\/div>\n\t\t\t\t<div class=\"elementor-element elementor-element-ce39c74 elementor-widget elementor-widget-heading\" data-id=\"ce39c74\" data-element_type=\"widget\" data-e-type=\"widget\" data-widget_type=\"heading.default\">\n\t\t\t\t<div class=\"elementor-widget-container\">\n\t\t\t\t\t<h2 class=\"elementor-heading-title elementor-size-default\">dise\u00f1o realizado para Zorrozua<\/h2>\t\t\t\t<\/div>\n\t\t\t\t<\/div>\n\t\t\t\t<\/div>\n\t\t<div class=\"elementor-element elementor-element-695efc3 e-con-full e-flex e-con e-child\" data-id=\"695efc3\" data-element_type=\"container\" data-e-type=\"container\">\n\t\t\t\t<div class=\"elementor-element elementor-element-bec2117 elementor-widget elementor-widget-heading\" data-id=\"bec2117\" data-element_type=\"widget\" data-e-type=\"widget\" data-widget_type=\"heading.default\">\n\t\t\t\t<div class=\"elementor-widget-container\">\n\t\t\t\t\t<h2 class=\"elementor-heading-title elementor-size-default\">J9<\/h2>\t\t\t\t<\/div>\n\t\t\t\t<\/div>\n\t\t\t\t<\/div>\n\t\t\t\t\t<\/div>\n\t\t\t\t<\/div>\n\t\t<div class=\"elementor-element elementor-element-12a6570 e-flex e-con-boxed e-con e-parent\" data-id=\"12a6570\" data-element_type=\"container\" data-e-type=\"container\">\n\t\t\t\t\t<div class=\"e-con-inner\">\n\t\t<div class=\"elementor-element elementor-element-bb2ecd4 e-con-full e-flex e-con e-child\" data-id=\"bb2ecd4\" data-element_type=\"container\" data-e-type=\"container\">\n\t\t\t\t<div class=\"elementor-element elementor-element-2566eb1 elementor-widget elementor-widget-image\" data-id=\"2566eb1\" data-element_type=\"widget\" data-e-type=\"widget\" data-widget_type=\"image.default\">\n\t\t\t\t<div class=\"elementor-widget-container\">\n\t\t\t\t\t\t\t\t\t\t\t\t\t\t\t\t<a href=\"https:\/\/pedroperezestudio.es\/wp-content\/uploads\/2025\/06\/1-scaled.jpg\" data-elementor-open-lightbox=\"yes\" data-e-action-hash=\"#elementor-action%3Aaction%3Dlightbox%26settings%3DeyJpZCI6NTU2NCwidXJsIjoiaHR0cHM6XC9cL3BlZHJvcGVyZXplc3R1ZGlvLmVzXC93cC1jb250ZW50XC91cGxvYWRzXC8yMDI1XC8wNlwvMS1zY2FsZWQuanBnIn0%3D\">\n\t\t\t\t\t\t\t<img fetchpriority=\"high\" decoding=\"async\" width=\"1661\" height=\"2560\" src=\"https:\/\/pedroperezestudio.es\/wp-content\/uploads\/2025\/06\/1-scaled.jpg\" class=\"attachment-full size-full wp-image-5564\" alt=\"\" srcset=\"https:\/\/pedroperezestudio.es\/wp-content\/uploads\/2025\/06\/1-scaled.jpg 1661w, https:\/\/pedroperezestudio.es\/wp-content\/uploads\/2025\/06\/1-195x300.jpg 195w, https:\/\/pedroperezestudio.es\/wp-content\/uploads\/2025\/06\/1-664x1024.jpg 664w, https:\/\/pedroperezestudio.es\/wp-content\/uploads\/2025\/06\/1-768x1184.jpg 768w, https:\/\/pedroperezestudio.es\/wp-content\/uploads\/2025\/06\/1-997x1536.jpg 997w, https:\/\/pedroperezestudio.es\/wp-content\/uploads\/2025\/06\/1-1329x2048.jpg 1329w, https:\/\/pedroperezestudio.es\/wp-content\/uploads\/2025\/06\/1-8x12.jpg 8w\" sizes=\"(max-width: 1661px) 100vw, 1661px\" \/>\t\t\t\t\t\t\t\t<\/a>\n\t\t\t\t\t\t\t\t\t\t\t\t\t\t\t<\/div>\n\t\t\t\t<\/div>\n\t\t\t\t<\/div>\n\t\t<div class=\"elementor-element elementor-element-cc320b2 e-con-full e-flex e-con e-child\" data-id=\"cc320b2\" data-element_type=\"container\" data-e-type=\"container\">\n\t\t\t\t<div class=\"elementor-element elementor-element-9271644 elementor-widget elementor-widget-image\" data-id=\"9271644\" data-element_type=\"widget\" data-e-type=\"widget\" data-widget_type=\"image.default\">\n\t\t\t\t<div class=\"elementor-widget-container\">\n\t\t\t\t\t\t\t\t\t\t\t\t\t\t\t\t<a href=\"https:\/\/pedroperezestudio.es\/wp-content\/uploads\/2025\/06\/PXL_20210608_153745830bn-scaled.jpg\" data-elementor-open-lightbox=\"yes\" data-e-action-hash=\"#elementor-action%3Aaction%3Dlightbox%26settings%3DeyJpZCI6NTU3MSwidXJsIjoiaHR0cHM6XC9cL3BlZHJvcGVyZXplc3R1ZGlvLmVzXC93cC1jb250ZW50XC91cGxvYWRzXC8yMDI1XC8wNlwvUFhMXzIwMjEwNjA4XzE1Mzc0NTgzMGJuLXNjYWxlZC5qcGcifQ%3D%3D\">\n\t\t\t\t\t\t\t<img decoding=\"async\" width=\"800\" height=\"450\" src=\"https:\/\/pedroperezestudio.es\/wp-content\/uploads\/2025\/06\/PXL_20210608_153745830bn-1024x576.jpg\" class=\"attachment-large size-large wp-image-5571\" alt=\"\" srcset=\"https:\/\/pedroperezestudio.es\/wp-content\/uploads\/2025\/06\/PXL_20210608_153745830bn-1024x576.jpg 1024w, https:\/\/pedroperezestudio.es\/wp-content\/uploads\/2025\/06\/PXL_20210608_153745830bn-300x169.jpg 300w, https:\/\/pedroperezestudio.es\/wp-content\/uploads\/2025\/06\/PXL_20210608_153745830bn-768x432.jpg 768w, https:\/\/pedroperezestudio.es\/wp-content\/uploads\/2025\/06\/PXL_20210608_153745830bn-1536x864.jpg 1536w, https:\/\/pedroperezestudio.es\/wp-content\/uploads\/2025\/06\/PXL_20210608_153745830bn-2048x1152.jpg 2048w, https:\/\/pedroperezestudio.es\/wp-content\/uploads\/2025\/06\/PXL_20210608_153745830bn-18x10.jpg 18w\" sizes=\"(max-width: 800px) 100vw, 800px\" \/>\t\t\t\t\t\t\t\t<\/a>\n\t\t\t\t\t\t\t\t\t\t\t\t\t\t\t<\/div>\n\t\t\t\t<\/div>\n\t\t<div class=\"elementor-element elementor-element-a2a7cdf e-con-full e-flex e-con e-child\" data-id=\"a2a7cdf\" data-element_type=\"container\" data-e-type=\"container\">\n\t\t\t\t<div class=\"elementor-element elementor-element-4efa34f elementor-widget-tablet__width-initial elementor-widget elementor-widget-image\" data-id=\"4efa34f\" data-element_type=\"widget\" data-e-type=\"widget\" data-widget_type=\"image.default\">\n\t\t\t\t<div class=\"elementor-widget-container\">\n\t\t\t\t\t\t\t\t\t\t\t\t\t\t\t\t<a href=\"https:\/\/pedroperezestudio.es\/wp-content\/uploads\/2025\/06\/2A-scaled.jpg\" data-elementor-open-lightbox=\"yes\" data-e-action-hash=\"#elementor-action%3Aaction%3Dlightbox%26settings%3DeyJpZCI6NTU3MiwidXJsIjoiaHR0cHM6XC9cL3BlZHJvcGVyZXplc3R1ZGlvLmVzXC93cC1jb250ZW50XC91cGxvYWRzXC8yMDI1XC8wNlwvMkEtc2NhbGVkLmpwZyJ9\">\n\t\t\t\t\t\t\t<img decoding=\"async\" width=\"2048\" height=\"1193\" src=\"https:\/\/pedroperezestudio.es\/wp-content\/uploads\/2025\/06\/2A-2048x1193.jpg\" class=\"attachment-2048x2048 size-2048x2048 wp-image-5572\" alt=\"\" srcset=\"https:\/\/pedroperezestudio.es\/wp-content\/uploads\/2025\/06\/2A-2048x1193.jpg 2048w, https:\/\/pedroperezestudio.es\/wp-content\/uploads\/2025\/06\/2A-300x175.jpg 300w, https:\/\/pedroperezestudio.es\/wp-content\/uploads\/2025\/06\/2A-1024x597.jpg 1024w, https:\/\/pedroperezestudio.es\/wp-content\/uploads\/2025\/06\/2A-768x447.jpg 768w, https:\/\/pedroperezestudio.es\/wp-content\/uploads\/2025\/06\/2A-1536x895.jpg 1536w, https:\/\/pedroperezestudio.es\/wp-content\/uploads\/2025\/06\/2A-18x10.jpg 18w\" sizes=\"(max-width: 2048px) 100vw, 2048px\" \/>\t\t\t\t\t\t\t\t<\/a>\n\t\t\t\t\t\t\t\t\t\t\t\t\t\t\t<\/div>\n\t\t\t\t<\/div>\n\t\t\t\t<div class=\"elementor-element elementor-element-680a4f0 elementor-widget__width-initial elementor-widget elementor-widget-image\" data-id=\"680a4f0\" data-element_type=\"widget\" data-e-type=\"widget\" data-widget_type=\"image.default\">\n\t\t\t\t<div class=\"elementor-widget-container\">\n\t\t\t\t\t\t\t\t\t\t\t\t\t\t\t\t<a href=\"https:\/\/pedroperezestudio.es\/wp-content\/uploads\/2025\/06\/BPXL_20210617_105535736bn-scaled.jpg\" data-elementor-open-lightbox=\"yes\" data-e-action-hash=\"#elementor-action%3Aaction%3Dlightbox%26settings%3DeyJpZCI6NTU3NiwidXJsIjoiaHR0cHM6XC9cL3BlZHJvcGVyZXplc3R1ZGlvLmVzXC93cC1jb250ZW50XC91cGxvYWRzXC8yMDI1XC8wNlwvQlBYTF8yMDIxMDYxN18xMDU1MzU3MzZibi1zY2FsZWQuanBnIn0%3D\">\n\t\t\t\t\t\t\t<img loading=\"lazy\" decoding=\"async\" width=\"1152\" height=\"2048\" src=\"https:\/\/pedroperezestudio.es\/wp-content\/uploads\/2025\/06\/BPXL_20210617_105535736bn-1152x2048.jpg\" class=\"attachment-2048x2048 size-2048x2048 wp-image-5576\" alt=\"\" srcset=\"https:\/\/pedroperezestudio.es\/wp-content\/uploads\/2025\/06\/BPXL_20210617_105535736bn-1152x2048.jpg 1152w, https:\/\/pedroperezestudio.es\/wp-content\/uploads\/2025\/06\/BPXL_20210617_105535736bn-169x300.jpg 169w, https:\/\/pedroperezestudio.es\/wp-content\/uploads\/2025\/06\/BPXL_20210617_105535736bn-576x1024.jpg 576w, https:\/\/pedroperezestudio.es\/wp-content\/uploads\/2025\/06\/BPXL_20210617_105535736bn-768x1365.jpg 768w, https:\/\/pedroperezestudio.es\/wp-content\/uploads\/2025\/06\/BPXL_20210617_105535736bn-864x1536.jpg 864w, https:\/\/pedroperezestudio.es\/wp-content\/uploads\/2025\/06\/BPXL_20210617_105535736bn-7x12.jpg 7w, https:\/\/pedroperezestudio.es\/wp-content\/uploads\/2025\/06\/BPXL_20210617_105535736bn-scaled.jpg 1440w\" sizes=\"(max-width: 1152px) 100vw, 1152px\" \/>\t\t\t\t\t\t\t\t<\/a>\n\t\t\t\t\t\t\t\t\t\t\t\t\t\t\t<\/div>\n\t\t\t\t<\/div>\n\t\t\t\t<\/div>\n\t\t\t\t<\/div>\n\t\t\t\t\t<\/div>\n\t\t\t\t<\/div>\n\t\t<div class=\"elementor-element elementor-element-4d69576 e-flex e-con-boxed e-con e-parent\" data-id=\"4d69576\" data-element_type=\"container\" data-e-type=\"container\">\n\t\t\t\t\t<div class=\"e-con-inner\">\n\t\t\t\t<div class=\"elementor-element elementor-element-8b4564a elementor-align-center elementor-tablet-align-start elementor-icon-list--layout-inline elementor-mobile-align-center elementor-list-item-link-full_width elementor-widget elementor-widget-icon-list\" data-id=\"8b4564a\" data-element_type=\"widget\" data-e-type=\"widget\" data-widget_type=\"icon-list.default\">\n\t\t\t\t<div class=\"elementor-widget-container\">\n\t\t\t\t\t\t\t<ul class=\"elementor-icon-list-items elementor-inline-items\">\n\t\t\t\t\t\t\t<li class=\"elementor-icon-list-item elementor-inline-item\">\n\t\t\t\t\t\t\t\t\t\t\t<a href=\"https:\/\/pedroperezestudio.es\/eu\/\">\n\n\t\t\t\t\t\t\t\t\t\t\t<span class=\"elementor-icon-list-text\">Nire historia<\/span>\n\t\t\t\t\t\t\t\t\t\t\t<\/a>\n\t\t\t\t\t\t\t\t\t<\/li>\n\t\t\t\t\t\t\t\t<li class=\"elementor-icon-list-item elementor-inline-item\">\n\t\t\t\t\t\t\t\t\t\t\t<a href=\"https:\/\/pedroperezestudio.es\/eu\/mi-vision\/\">\n\n\t\t\t\t\t\t\t\t\t\t\t<span class=\"elementor-icon-list-text\">Nire ikuspegia<\/span>\n\t\t\t\t\t\t\t\t\t\t\t<\/a>\n\t\t\t\t\t\t\t\t\t<\/li>\n\t\t\t\t\t\t\t\t<li class=\"elementor-icon-list-item elementor-inline-item\">\n\t\t\t\t\t\t\t\t\t\t\t<a href=\"https:\/\/pedroperezestudio.es\/eu\/proyectos\/\">\n\n\t\t\t\t\t\t\t\t\t\t\t<span class=\"elementor-icon-list-text\">Proiektuak<\/span>\n\t\t\t\t\t\t\t\t\t\t\t<\/a>\n\t\t\t\t\t\t\t\t\t<\/li>\n\t\t\t\t\t\t\t\t<li class=\"elementor-icon-list-item elementor-inline-item\">\n\t\t\t\t\t\t\t\t\t\t\t<a href=\"https:\/\/pedroperezestudio.es\/eu\/otros-escenarios\/\">\n\n\t\t\t\t\t\t\t\t\t\t\t<span class=\"elementor-icon-list-text\">Beste agertoki batzuk<\/span>\n\t\t\t\t\t\t\t\t\t\t\t<\/a>\n\t\t\t\t\t\t\t\t\t<\/li>\n\t\t\t\t\t\t\t\t<li class=\"elementor-icon-list-item elementor-inline-item\">\n\t\t\t\t\t\t\t\t\t\t\t<a href=\"https:\/\/pedroperezestudio.es\/eu\/contacto\/\">\n\n\t\t\t\t\t\t\t\t\t\t\t<span class=\"elementor-icon-list-text\">Kontaktua<\/span>\n\t\t\t\t\t\t\t\t\t\t\t<\/a>\n\t\t\t\t\t\t\t\t\t<\/li>\n\t\t\t\t\t\t<\/ul>\n\t\t\t\t\t\t<\/div>\n\t\t\t\t<\/div>\n\t\t\t\t\t<\/div>\n\t\t\t\t<\/div>\n\t\t\t\t<\/div>","protected":false},"excerpt":{"rendered":"<p>Bilbao dise\u00f1o realizado para Zorrozua J9 Mi Historia Mi Visi\u00f3n Proyectos Otros Escenarios Contacto<\/p>","protected":false},"author":1,"featured_media":0,"parent":0,"menu_order":0,"comment_status":"closed","ping_status":"closed","template":"elementor_canvas","meta":{"footnotes":""},"class_list":["post-4008","page","type-page","status-publish","hentry"],"yoast_head":"<!-- This site is optimized with the Yoast SEO plugin v27.3 - https:\/\/yoast.com\/product\/yoast-seo-wordpress\/ -->\n<title>Bilbao J9 - Pedro P\u00e9rez Estudio<\/title>\n<meta name=\"robots\" content=\"index, follow, max-snippet:-1, max-image-preview:large, max-video-preview:-1\" \/>\n<link rel=\"canonical\" href=\"https:\/\/pedroperezestudio.es\/eu\/bilbao-j9\/\" \/>\n<meta property=\"og:locale\" content=\"en_US\" \/>\n<meta property=\"og:type\" content=\"article\" \/>\n<meta property=\"og:title\" content=\"Bilbao J9 - Pedro P\u00e9rez Estudio\" \/>\n<meta property=\"og:description\" content=\"Bilbao dise\u00f1o realizado para Zorrozua J9 Mi Historia Mi Visi\u00f3n Proyectos Otros Escenarios Contacto\" \/>\n<meta property=\"og:url\" content=\"https:\/\/pedroperezestudio.es\/eu\/bilbao-j9\/\" \/>\n<meta property=\"og:site_name\" content=\"Pedro P\u00e9rez Estudio\" \/>\n<meta property=\"article:modified_time\" content=\"2025-06-10T13:49:05+00:00\" \/>\n<meta property=\"og:image\" content=\"https:\/\/pedroperezestudio.es\/wp-content\/uploads\/2025\/06\/1-scaled.jpg\" \/>\n\t<meta property=\"og:image:width\" content=\"1661\" \/>\n\t<meta property=\"og:image:height\" content=\"2560\" \/>\n\t<meta property=\"og:image:type\" content=\"image\/jpeg\" \/>\n<meta name=\"twitter:card\" content=\"summary_large_image\" \/>\n<meta name=\"twitter:label1\" content=\"Est. reading time\" \/>\n\t<meta name=\"twitter:data1\" content=\"1 minutua\" \/>\n<script type=\"application\/ld+json\" class=\"yoast-schema-graph\">{\"@context\":\"https:\\\/\\\/schema.org\",\"@graph\":[{\"@type\":\"WebPage\",\"@id\":\"https:\\\/\\\/pedroperezestudio.es\\\/bilbao-j9\\\/\",\"url\":\"https:\\\/\\\/pedroperezestudio.es\\\/bilbao-j9\\\/\",\"name\":\"Bilbao J9 - Pedro P\u00e9rez Estudio\",\"isPartOf\":{\"@id\":\"https:\\\/\\\/pedroperezestudio.es\\\/#website\"},\"primaryImageOfPage\":{\"@id\":\"https:\\\/\\\/pedroperezestudio.es\\\/bilbao-j9\\\/#primaryimage\"},\"image\":{\"@id\":\"https:\\\/\\\/pedroperezestudio.es\\\/bilbao-j9\\\/#primaryimage\"},\"thumbnailUrl\":\"https:\\\/\\\/pedroperezestudio.es\\\/wp-content\\\/uploads\\\/2025\\\/06\\\/1-scaled.jpg\",\"datePublished\":\"2025-05-27T06:54:50+00:00\",\"dateModified\":\"2025-06-10T13:49:05+00:00\",\"breadcrumb\":{\"@id\":\"https:\\\/\\\/pedroperezestudio.es\\\/bilbao-j9\\\/#breadcrumb\"},\"inLanguage\":\"eu\",\"potentialAction\":[{\"@type\":\"ReadAction\",\"target\":[\"https:\\\/\\\/pedroperezestudio.es\\\/bilbao-j9\\\/\"]}]},{\"@type\":\"ImageObject\",\"inLanguage\":\"eu\",\"@id\":\"https:\\\/\\\/pedroperezestudio.es\\\/bilbao-j9\\\/#primaryimage\",\"url\":\"https:\\\/\\\/pedroperezestudio.es\\\/wp-content\\\/uploads\\\/2025\\\/06\\\/1-scaled.jpg\",\"contentUrl\":\"https:\\\/\\\/pedroperezestudio.es\\\/wp-content\\\/uploads\\\/2025\\\/06\\\/1-scaled.jpg\"},{\"@type\":\"BreadcrumbList\",\"@id\":\"https:\\\/\\\/pedroperezestudio.es\\\/bilbao-j9\\\/#breadcrumb\",\"itemListElement\":[{\"@type\":\"ListItem\",\"position\":1,\"name\":\"Portada\",\"item\":\"https:\\\/\\\/pedroperezestudio.es\\\/\"},{\"@type\":\"ListItem\",\"position\":2,\"name\":\"Bilbao J9\"}]},{\"@type\":\"WebSite\",\"@id\":\"https:\\\/\\\/pedroperezestudio.es\\\/#website\",\"url\":\"https:\\\/\\\/pedroperezestudio.es\\\/\",\"name\":\"Pedro P\u00e9rez Estudio\",\"description\":\"\",\"potentialAction\":[{\"@type\":\"SearchAction\",\"target\":{\"@type\":\"EntryPoint\",\"urlTemplate\":\"https:\\\/\\\/pedroperezestudio.es\\\/?s={search_term_string}\"},\"query-input\":{\"@type\":\"PropertyValueSpecification\",\"valueRequired\":true,\"valueName\":\"search_term_string\"}}],\"inLanguage\":\"eu\"}]}<\/script>\n<!-- \/ Yoast SEO plugin. -->","yoast_head_json":{"title":"Bilbao J9 - Pedro P\u00e9rez Estudio","robots":{"index":"index","follow":"follow","max-snippet":"max-snippet:-1","max-image-preview":"max-image-preview:large","max-video-preview":"max-video-preview:-1"},"canonical":"https:\/\/pedroperezestudio.es\/eu\/bilbao-j9\/","og_locale":"en_US","og_type":"article","og_title":"Bilbao J9 - Pedro P\u00e9rez Estudio","og_description":"Bilbao dise\u00f1o realizado para Zorrozua J9 Mi Historia Mi Visi\u00f3n Proyectos Otros Escenarios Contacto","og_url":"https:\/\/pedroperezestudio.es\/eu\/bilbao-j9\/","og_site_name":"Pedro P\u00e9rez Estudio","article_modified_time":"2025-06-10T13:49:05+00:00","og_image":[{"width":1661,"height":2560,"url":"https:\/\/pedroperezestudio.es\/wp-content\/uploads\/2025\/06\/1-scaled.jpg","type":"image\/jpeg"}],"twitter_card":"summary_large_image","twitter_misc":{"Est. reading time":"1 minutua"},"schema":{"@context":"https:\/\/schema.org","@graph":[{"@type":"WebPage","@id":"https:\/\/pedroperezestudio.es\/bilbao-j9\/","url":"https:\/\/pedroperezestudio.es\/bilbao-j9\/","name":"Bilbao J9 - Pedro P\u00e9rez Estudio","isPartOf":{"@id":"https:\/\/pedroperezestudio.es\/#website"},"primaryImageOfPage":{"@id":"https:\/\/pedroperezestudio.es\/bilbao-j9\/#primaryimage"},"image":{"@id":"https:\/\/pedroperezestudio.es\/bilbao-j9\/#primaryimage"},"thumbnailUrl":"https:\/\/pedroperezestudio.es\/wp-content\/uploads\/2025\/06\/1-scaled.jpg","datePublished":"2025-05-27T06:54:50+00:00","dateModified":"2025-06-10T13:49:05+00:00","breadcrumb":{"@id":"https:\/\/pedroperezestudio.es\/bilbao-j9\/#breadcrumb"},"inLanguage":"eu","potentialAction":[{"@type":"ReadAction","target":["https:\/\/pedroperezestudio.es\/bilbao-j9\/"]}]},{"@type":"ImageObject","inLanguage":"eu","@id":"https:\/\/pedroperezestudio.es\/bilbao-j9\/#primaryimage","url":"https:\/\/pedroperezestudio.es\/wp-content\/uploads\/2025\/06\/1-scaled.jpg","contentUrl":"https:\/\/pedroperezestudio.es\/wp-content\/uploads\/2025\/06\/1-scaled.jpg"},{"@type":"BreadcrumbList","@id":"https:\/\/pedroperezestudio.es\/bilbao-j9\/#breadcrumb","itemListElement":[{"@type":"ListItem","position":1,"name":"Portada","item":"https:\/\/pedroperezestudio.es\/"},{"@type":"ListItem","position":2,"name":"Bilbao J9"}]},{"@type":"WebSite","@id":"https:\/\/pedroperezestudio.es\/#website","url":"https:\/\/pedroperezestudio.es\/","name":"Pedro P\u00e9rez Estudio","description":"","potentialAction":[{"@type":"SearchAction","target":{"@type":"EntryPoint","urlTemplate":"https:\/\/pedroperezestudio.es\/?s={search_term_string}"},"query-input":{"@type":"PropertyValueSpecification","valueRequired":true,"valueName":"search_term_string"}}],"inLanguage":"eu"}]}},"_links":{"self":[{"href":"https:\/\/pedroperezestudio.es\/eu\/wp-json\/wp\/v2\/pages\/4008","targetHints":{"allow":["GET"]}}],"collection":[{"href":"https:\/\/pedroperezestudio.es\/eu\/wp-json\/wp\/v2\/pages"}],"about":[{"href":"https:\/\/pedroperezestudio.es\/eu\/wp-json\/wp\/v2\/types\/page"}],"author":[{"embeddable":true,"href":"https:\/\/pedroperezestudio.es\/eu\/wp-json\/wp\/v2\/users\/1"}],"replies":[{"embeddable":true,"href":"https:\/\/pedroperezestudio.es\/eu\/wp-json\/wp\/v2\/comments?post=4008"}],"version-history":[{"count":37,"href":"https:\/\/pedroperezestudio.es\/eu\/wp-json\/wp\/v2\/pages\/4008\/revisions"}],"predecessor-version":[{"id":6036,"href":"https:\/\/pedroperezestudio.es\/eu\/wp-json\/wp\/v2\/pages\/4008\/revisions\/6036"}],"wp:attachment":[{"href":"https:\/\/pedroperezestudio.es\/eu\/wp-json\/wp\/v2\/media?parent=4008"}],"curies":[{"name":"wp","href":"https:\/\/api.w.org\/{rel}","templated":true}]}}