{"id":8,"date":"2025-05-09T07:10:43","date_gmt":"2025-05-09T07:10:43","guid":{"rendered":"https:\/\/pedroperezestudio.rkinformatika.online\/?page_id=8"},"modified":"2025-06-10T11:04:01","modified_gmt":"2025-06-10T11:04:01","slug":"mi-vision","status":"publish","type":"page","link":"https:\/\/pedroperezestudio.es\/eu\/mi-vision\/","title":{"rendered":"Mi Vision"},"content":{"rendered":"<div data-elementor-type=\"wp-page\" data-elementor-id=\"8\" class=\"elementor elementor-8\" data-elementor-post-type=\"page\">\n\t\t\t\t<div class=\"elementor-element elementor-element-b48083d e-con-full e-flex e-con e-parent\" data-id=\"b48083d\" data-element_type=\"container\" data-e-type=\"container\" data-settings=\"{&quot;background_background&quot;:&quot;classic&quot;}\">\n\t\t<div class=\"elementor-element elementor-element-d9cf326 e-con-full e-flex e-con e-child\" data-id=\"d9cf326\" data-element_type=\"container\" data-e-type=\"container\">\n\t\t\t\t<div class=\"elementor-element elementor-element-053482f elementor-widget__width-initial animated-slow elementor-invisible elementor-widget elementor-widget-heading\" data-id=\"053482f\" data-element_type=\"widget\" data-e-type=\"widget\" data-settings=\"{&quot;_animation&quot;:&quot;fadeInLeft&quot;}\" data-widget_type=\"heading.default\">\n\t\t\t\t<div class=\"elementor-widget-container\">\n\t\t\t\t\t<h2 class=\"elementor-heading-title elementor-size-default\">Nire ikuspegia<\/h2>\t\t\t\t<\/div>\n\t\t\t\t<\/div>\n\t\t\t\t<div class=\"elementor-element elementor-element-18ba108 elementor-widget elementor-widget-text-editor\" data-id=\"18ba108\" data-element_type=\"widget\" data-e-type=\"widget\" data-widget_type=\"text-editor.default\">\n\t\t\t\t<div class=\"elementor-widget-container\">\n\t\t\t\t\t\t\t\t\t<p class=\"cvGsUA direction-ltr align-end para-style-body\"><span class=\"OYPEnA font-feature-liga-off font-feature-clig-off font-feature-calt-off text-decoration-none text-strikethrough-none\">Me dedico a crear espacios que trascienden el dise\u00f1o convencional,<\/span><\/p>\n<p class=\"cvGsUA direction-ltr align-end para-style-body\"><span class=\"OYPEnA font-feature-liga-off font-feature-clig-off font-feature-calt-off text-decoration-none text-strikethrough-none\">transformando cada proyecto en una experiencia \u00fanica que refleja la identidad y aspiraciones de mis clientes.<\/span><\/p>\n<p class=\"cvGsUA direction-ltr align-end para-style-body\"><span class=\"OYPEnA font-feature-liga-off font-feature-clig-off font-feature-calt-off text-decoration-none text-strikethrough-none\">Mi enfoque combina creatividad disruptiva con un proceso estructurado y profesional<\/span><\/p>\t\t\t\t\t\t\t\t<\/div>\n\t\t\t\t<\/div>\n\t\t\t\t<div class=\"elementor-element elementor-element-d220d96 elementor-widget__width-initial animated-slow elementor-invisible elementor-widget elementor-widget-heading\" data-id=\"d220d96\" data-element_type=\"widget\" data-e-type=\"widget\" data-settings=\"{&quot;_animation&quot;:&quot;fadeInRight&quot;}\" data-widget_type=\"heading.default\">\n\t\t\t\t<div class=\"elementor-widget-container\">\n\t\t\t\t\t<h2 class=\"elementor-heading-title elementor-size-default\">Mi Rol como Asesor <\/h2>\t\t\t\t<\/div>\n\t\t\t\t<\/div>\n\t\t\t\t<div class=\"elementor-element elementor-element-dff077b elementor-widget elementor-widget-text-editor\" data-id=\"dff077b\" data-element_type=\"widget\" data-e-type=\"widget\" data-widget_type=\"text-editor.default\">\n\t\t\t\t<div class=\"elementor-widget-container\">\n\t\t\t\t\t\t\t\t\t<p class=\"cvGsUA direction-ltr align-end para-style-body\"><span class=\"OYPEnA font-feature-liga-off font-feature-clig-off font-feature-calt-off text-decoration-none text-strikethrough-none\">Act\u00fao como asesor especializado en dise\u00f1o personalizado,<\/span><\/p><p class=\"cvGsUA direction-ltr align-end para-style-body\"><span class=\"OYPEnA font-feature-liga-off font-feature-clig-off font-feature-calt-off text-decoration-none text-strikethrough-none\">acompa\u00f1\u00e1ndote durante todo el proceso creativo y de ejecuci\u00f3n.<\/span><\/p><p class=\"cvGsUA direction-ltr align-end para-style-body\"><span class=\"OYPEnA font-feature-liga-off font-feature-clig-off font-feature-calt-off text-decoration-none text-strikethrough-none\">Mi objetivo es garantizar que tu visi\u00f3n se materialice correctamente, brindando mi experiencia y conocimiento en cada fase del proyecto.<\/span><\/p>\t\t\t\t\t\t\t\t<\/div>\n\t\t\t\t<\/div>\n\t\t\t\t<\/div>\n\t\t<div class=\"elementor-element elementor-element-83d071d e-con-full e-flex e-con e-child\" data-id=\"83d071d\" data-element_type=\"container\" data-e-type=\"container\" data-settings=\"{&quot;background_background&quot;:&quot;classic&quot;}\">\n\t\t\t\t<div class=\"elementor-element elementor-element-7630811 elementor-widget-tablet__width-initial elementor-widget elementor-widget-image\" data-id=\"7630811\" data-element_type=\"widget\" data-e-type=\"widget\" data-widget_type=\"image.default\">\n\t\t\t\t<div class=\"elementor-widget-container\">\n\t\t\t\t\t\t\t\t\t\t\t\t\t\t\t<img fetchpriority=\"high\" decoding=\"async\" width=\"800\" height=\"1000\" src=\"https:\/\/pedroperezestudio.es\/wp-content\/uploads\/2025\/06\/WhatsApp-Image-2024-02-27-at-6.31.47-PM-819x1024.jpeg\" class=\"attachment-large size-large wp-image-5151\" alt=\"\" srcset=\"https:\/\/pedroperezestudio.es\/wp-content\/uploads\/2025\/06\/WhatsApp-Image-2024-02-27-at-6.31.47-PM-819x1024.jpeg 819w, https:\/\/pedroperezestudio.es\/wp-content\/uploads\/2025\/06\/WhatsApp-Image-2024-02-27-at-6.31.47-PM-240x300.jpeg 240w, https:\/\/pedroperezestudio.es\/wp-content\/uploads\/2025\/06\/WhatsApp-Image-2024-02-27-at-6.31.47-PM-768x960.jpeg 768w, https:\/\/pedroperezestudio.es\/wp-content\/uploads\/2025\/06\/WhatsApp-Image-2024-02-27-at-6.31.47-PM-1229x1536.jpeg 1229w, https:\/\/pedroperezestudio.es\/wp-content\/uploads\/2025\/06\/WhatsApp-Image-2024-02-27-at-6.31.47-PM-10x12.jpeg 10w, https:\/\/pedroperezestudio.es\/wp-content\/uploads\/2025\/06\/WhatsApp-Image-2024-02-27-at-6.31.47-PM.jpeg 1638w\" sizes=\"(max-width: 800px) 100vw, 800px\" \/>\t\t\t\t\t\t\t\t\t\t\t\t\t\t\t<\/div>\n\t\t\t\t<\/div>\n\t\t\t\t<div class=\"elementor-element elementor-element-13034fa elementor-align-start elementor-tablet-align-start elementor-mobile-align-start elementor-widget-tablet__width-initial elementor-icon-list--layout-traditional elementor-list-item-link-full_width elementor-widget elementor-widget-icon-list\" data-id=\"13034fa\" data-element_type=\"widget\" data-e-type=\"widget\" data-widget_type=\"icon-list.default\">\n\t\t\t\t<div class=\"elementor-widget-container\">\n\t\t\t\t\t\t\t<ul class=\"elementor-icon-list-items\">\n\t\t\t\t\t\t\t<li class=\"elementor-icon-list-item\">\n\t\t\t\t\t\t\t\t\t\t\t<a href=\"https:\/\/pedroperezestudio.es\/eu\/\">\n\n\t\t\t\t\t\t\t\t\t\t\t<span class=\"elementor-icon-list-text\">Nire historia<\/span>\n\t\t\t\t\t\t\t\t\t\t\t<\/a>\n\t\t\t\t\t\t\t\t\t<\/li>\n\t\t\t\t\t\t\t\t<li class=\"elementor-icon-list-item\">\n\t\t\t\t\t\t\t\t\t\t\t<a href=\"https:\/\/pedroperezestudio.es\/eu\/mi-vision\/\">\n\n\t\t\t\t\t\t\t\t\t\t\t<span class=\"elementor-icon-list-text\">Nire ikuspegia<\/span>\n\t\t\t\t\t\t\t\t\t\t\t<\/a>\n\t\t\t\t\t\t\t\t\t<\/li>\n\t\t\t\t\t\t\t\t<li class=\"elementor-icon-list-item\">\n\t\t\t\t\t\t\t\t\t\t\t<a href=\"https:\/\/pedroperezestudio.es\/eu\/proyectos\/\">\n\n\t\t\t\t\t\t\t\t\t\t\t<span class=\"elementor-icon-list-text\">Proiektuak<\/span>\n\t\t\t\t\t\t\t\t\t\t\t<\/a>\n\t\t\t\t\t\t\t\t\t<\/li>\n\t\t\t\t\t\t\t\t<li class=\"elementor-icon-list-item\">\n\t\t\t\t\t\t\t\t\t\t\t<a href=\"https:\/\/pedroperezestudio.es\/eu\/otros-escenarios\/\">\n\n\t\t\t\t\t\t\t\t\t\t\t<span class=\"elementor-icon-list-text\">Beste agertoki batzuk<\/span>\n\t\t\t\t\t\t\t\t\t\t\t<\/a>\n\t\t\t\t\t\t\t\t\t<\/li>\n\t\t\t\t\t\t\t\t<li class=\"elementor-icon-list-item\">\n\t\t\t\t\t\t\t\t\t\t\t<a href=\"https:\/\/pedroperezestudio.es\/eu\/contacto\/\">\n\n\t\t\t\t\t\t\t\t\t\t\t<span class=\"elementor-icon-list-text\">Kontaktua<\/span>\n\t\t\t\t\t\t\t\t\t\t\t<\/a>\n\t\t\t\t\t\t\t\t\t<\/li>\n\t\t\t\t\t\t<\/ul>\n\t\t\t\t\t\t<\/div>\n\t\t\t\t<\/div>\n\t\t\t\t<\/div>\n\t\t\t\t<\/div>\n\t\t\t\t<\/div>","protected":false},"excerpt":{"rendered":"<p>Mi Visi\u00f3n Me dedico a crear espacios que trascienden el dise\u00f1o convencional, transformando cada proyecto en una experiencia \u00fanica que refleja la identidad y aspiraciones de mis clientes. Mi enfoque combina creatividad disruptiva con un proceso estructurado y profesional Mi Rol como Asesor Act\u00fao como asesor especializado en dise\u00f1o personalizado, acompa\u00f1\u00e1ndote durante todo el proceso [&hellip;]<\/p>\n","protected":false},"author":1,"featured_media":0,"parent":0,"menu_order":0,"comment_status":"closed","ping_status":"closed","template":"elementor_canvas","meta":{"footnotes":""},"class_list":["post-8","page","type-page","status-publish","hentry"],"yoast_head":"<!-- This site is optimized with the Yoast SEO plugin v27.3 - https:\/\/yoast.com\/product\/yoast-seo-wordpress\/ -->\n<title>Mi Vision - Pedro P\u00e9rez Estudio<\/title>\n<meta name=\"robots\" content=\"index, follow, max-snippet:-1, max-image-preview:large, max-video-preview:-1\" \/>\n<link rel=\"canonical\" href=\"https:\/\/pedroperezestudio.es\/eu\/mi-vision\/\" \/>\n<meta property=\"og:locale\" content=\"en_US\" \/>\n<meta property=\"og:type\" content=\"article\" \/>\n<meta property=\"og:title\" content=\"Mi Vision - Pedro P\u00e9rez Estudio\" \/>\n<meta property=\"og:description\" content=\"Mi Visi\u00f3n Me dedico a crear espacios que trascienden el dise\u00f1o convencional, transformando cada proyecto en una experiencia \u00fanica que refleja la identidad y aspiraciones de mis clientes. Mi enfoque combina creatividad disruptiva con un proceso estructurado y profesional Mi Rol como Asesor Act\u00fao como asesor especializado en dise\u00f1o personalizado, acompa\u00f1\u00e1ndote durante todo el proceso [&hellip;]\" \/>\n<meta property=\"og:url\" content=\"https:\/\/pedroperezestudio.es\/eu\/mi-vision\/\" \/>\n<meta property=\"og:site_name\" content=\"Pedro P\u00e9rez Estudio\" \/>\n<meta property=\"article:modified_time\" content=\"2025-06-10T11:04:01+00:00\" \/>\n<meta property=\"og:image\" content=\"https:\/\/pedroperezestudio.es\/wp-content\/uploads\/2025\/06\/WhatsApp-Image-2024-02-27-at-6.31.47-PM.jpeg\" \/>\n\t<meta property=\"og:image:width\" content=\"1638\" \/>\n\t<meta property=\"og:image:height\" content=\"2048\" \/>\n\t<meta property=\"og:image:type\" content=\"image\/jpeg\" \/>\n<meta name=\"twitter:card\" content=\"summary_large_image\" \/>\n<meta name=\"twitter:label1\" content=\"Est. reading time\" \/>\n\t<meta name=\"twitter:data1\" content=\"1 minutua\" \/>\n<script type=\"application\/ld+json\" class=\"yoast-schema-graph\">{\"@context\":\"https:\\\/\\\/schema.org\",\"@graph\":[{\"@type\":\"WebPage\",\"@id\":\"https:\\\/\\\/pedroperezestudio.es\\\/mi-vision\\\/\",\"url\":\"https:\\\/\\\/pedroperezestudio.es\\\/mi-vision\\\/\",\"name\":\"Mi Vision - Pedro P\u00e9rez Estudio\",\"isPartOf\":{\"@id\":\"https:\\\/\\\/pedroperezestudio.es\\\/#website\"},\"primaryImageOfPage\":{\"@id\":\"https:\\\/\\\/pedroperezestudio.es\\\/mi-vision\\\/#primaryimage\"},\"image\":{\"@id\":\"https:\\\/\\\/pedroperezestudio.es\\\/mi-vision\\\/#primaryimage\"},\"thumbnailUrl\":\"https:\\\/\\\/pedroperezestudio.es\\\/wp-content\\\/uploads\\\/2025\\\/06\\\/WhatsApp-Image-2024-02-27-at-6.31.47-PM-819x1024.jpeg\",\"datePublished\":\"2025-05-09T07:10:43+00:00\",\"dateModified\":\"2025-06-10T11:04:01+00:00\",\"breadcrumb\":{\"@id\":\"https:\\\/\\\/pedroperezestudio.es\\\/mi-vision\\\/#breadcrumb\"},\"inLanguage\":\"eu\",\"potentialAction\":[{\"@type\":\"ReadAction\",\"target\":[\"https:\\\/\\\/pedroperezestudio.es\\\/mi-vision\\\/\"]}]},{\"@type\":\"ImageObject\",\"inLanguage\":\"eu\",\"@id\":\"https:\\\/\\\/pedroperezestudio.es\\\/mi-vision\\\/#primaryimage\",\"url\":\"https:\\\/\\\/pedroperezestudio.es\\\/wp-content\\\/uploads\\\/2025\\\/06\\\/WhatsApp-Image-2024-02-27-at-6.31.47-PM-819x1024.jpeg\",\"contentUrl\":\"https:\\\/\\\/pedroperezestudio.es\\\/wp-content\\\/uploads\\\/2025\\\/06\\\/WhatsApp-Image-2024-02-27-at-6.31.47-PM-819x1024.jpeg\"},{\"@type\":\"BreadcrumbList\",\"@id\":\"https:\\\/\\\/pedroperezestudio.es\\\/mi-vision\\\/#breadcrumb\",\"itemListElement\":[{\"@type\":\"ListItem\",\"position\":1,\"name\":\"Portada\",\"item\":\"https:\\\/\\\/pedroperezestudio.es\\\/\"},{\"@type\":\"ListItem\",\"position\":2,\"name\":\"Mi Vision\"}]},{\"@type\":\"WebSite\",\"@id\":\"https:\\\/\\\/pedroperezestudio.es\\\/#website\",\"url\":\"https:\\\/\\\/pedroperezestudio.es\\\/\",\"name\":\"Pedro P\u00e9rez Estudio\",\"description\":\"\",\"potentialAction\":[{\"@type\":\"SearchAction\",\"target\":{\"@type\":\"EntryPoint\",\"urlTemplate\":\"https:\\\/\\\/pedroperezestudio.es\\\/?s={search_term_string}\"},\"query-input\":{\"@type\":\"PropertyValueSpecification\",\"valueRequired\":true,\"valueName\":\"search_term_string\"}}],\"inLanguage\":\"eu\"}]}<\/script>\n<!-- \/ Yoast SEO plugin. -->","yoast_head_json":{"title":"Mi Vision - Pedro P\u00e9rez Estudio","robots":{"index":"index","follow":"follow","max-snippet":"max-snippet:-1","max-image-preview":"max-image-preview:large","max-video-preview":"max-video-preview:-1"},"canonical":"https:\/\/pedroperezestudio.es\/eu\/mi-vision\/","og_locale":"en_US","og_type":"article","og_title":"Mi Vision - Pedro P\u00e9rez Estudio","og_description":"Mi Visi\u00f3n Me dedico a crear espacios que trascienden el dise\u00f1o convencional, transformando cada proyecto en una experiencia \u00fanica que refleja la identidad y aspiraciones de mis clientes. Mi enfoque combina creatividad disruptiva con un proceso estructurado y profesional Mi Rol como Asesor Act\u00fao como asesor especializado en dise\u00f1o personalizado, acompa\u00f1\u00e1ndote durante todo el proceso [&hellip;]","og_url":"https:\/\/pedroperezestudio.es\/eu\/mi-vision\/","og_site_name":"Pedro P\u00e9rez Estudio","article_modified_time":"2025-06-10T11:04:01+00:00","og_image":[{"width":1638,"height":2048,"url":"https:\/\/pedroperezestudio.es\/wp-content\/uploads\/2025\/06\/WhatsApp-Image-2024-02-27-at-6.31.47-PM.jpeg","type":"image\/jpeg"}],"twitter_card":"summary_large_image","twitter_misc":{"Est. reading time":"1 minutua"},"schema":{"@context":"https:\/\/schema.org","@graph":[{"@type":"WebPage","@id":"https:\/\/pedroperezestudio.es\/mi-vision\/","url":"https:\/\/pedroperezestudio.es\/mi-vision\/","name":"Mi Vision - Pedro P\u00e9rez Estudio","isPartOf":{"@id":"https:\/\/pedroperezestudio.es\/#website"},"primaryImageOfPage":{"@id":"https:\/\/pedroperezestudio.es\/mi-vision\/#primaryimage"},"image":{"@id":"https:\/\/pedroperezestudio.es\/mi-vision\/#primaryimage"},"thumbnailUrl":"https:\/\/pedroperezestudio.es\/wp-content\/uploads\/2025\/06\/WhatsApp-Image-2024-02-27-at-6.31.47-PM-819x1024.jpeg","datePublished":"2025-05-09T07:10:43+00:00","dateModified":"2025-06-10T11:04:01+00:00","breadcrumb":{"@id":"https:\/\/pedroperezestudio.es\/mi-vision\/#breadcrumb"},"inLanguage":"eu","potentialAction":[{"@type":"ReadAction","target":["https:\/\/pedroperezestudio.es\/mi-vision\/"]}]},{"@type":"ImageObject","inLanguage":"eu","@id":"https:\/\/pedroperezestudio.es\/mi-vision\/#primaryimage","url":"https:\/\/pedroperezestudio.es\/wp-content\/uploads\/2025\/06\/WhatsApp-Image-2024-02-27-at-6.31.47-PM-819x1024.jpeg","contentUrl":"https:\/\/pedroperezestudio.es\/wp-content\/uploads\/2025\/06\/WhatsApp-Image-2024-02-27-at-6.31.47-PM-819x1024.jpeg"},{"@type":"BreadcrumbList","@id":"https:\/\/pedroperezestudio.es\/mi-vision\/#breadcrumb","itemListElement":[{"@type":"ListItem","position":1,"name":"Portada","item":"https:\/\/pedroperezestudio.es\/"},{"@type":"ListItem","position":2,"name":"Mi Vision"}]},{"@type":"WebSite","@id":"https:\/\/pedroperezestudio.es\/#website","url":"https:\/\/pedroperezestudio.es\/","name":"Pedro P\u00e9rez Estudio","description":"","potentialAction":[{"@type":"SearchAction","target":{"@type":"EntryPoint","urlTemplate":"https:\/\/pedroperezestudio.es\/?s={search_term_string}"},"query-input":{"@type":"PropertyValueSpecification","valueRequired":true,"valueName":"search_term_string"}}],"inLanguage":"eu"}]}},"_links":{"self":[{"href":"https:\/\/pedroperezestudio.es\/eu\/wp-json\/wp\/v2\/pages\/8","targetHints":{"allow":["GET"]}}],"collection":[{"href":"https:\/\/pedroperezestudio.es\/eu\/wp-json\/wp\/v2\/pages"}],"about":[{"href":"https:\/\/pedroperezestudio.es\/eu\/wp-json\/wp\/v2\/types\/page"}],"author":[{"embeddable":true,"href":"https:\/\/pedroperezestudio.es\/eu\/wp-json\/wp\/v2\/users\/1"}],"replies":[{"embeddable":true,"href":"https:\/\/pedroperezestudio.es\/eu\/wp-json\/wp\/v2\/comments?post=8"}],"version-history":[{"count":501,"href":"https:\/\/pedroperezestudio.es\/eu\/wp-json\/wp\/v2\/pages\/8\/revisions"}],"predecessor-version":[{"id":6142,"href":"https:\/\/pedroperezestudio.es\/eu\/wp-json\/wp\/v2\/pages\/8\/revisions\/6142"}],"wp:attachment":[{"href":"https:\/\/pedroperezestudio.es\/eu\/wp-json\/wp\/v2\/media?parent=8"}],"curies":[{"name":"wp","href":"https:\/\/api.w.org\/{rel}","templated":true}]}}